{"id":784,"date":"2026-03-01T12:21:42","date_gmt":"2026-03-01T12:21:42","guid":{"rendered":"https:\/\/artaora.com\/product\/boucles-doreilles-orange-steampunk-trompette-mecanique\/"},"modified":"2026-03-01T13:53:19","modified_gmt":"2026-03-01T13:53:19","slug":"boucles-doreilles-orange-steampunk-trompette-mecanique","status":"publish","type":"product","link":"https:\/\/artaora.com\/fr\/produit\/boucles-doreilles-orange-steampunk-trompette-mecanique\/","title":{"rendered":"Boucles d\u2019Oreilles Orange Steampunk Trompette M\u00e9canique"},"content":{"rendered":"<p>Une base en acier inoxydable peinte en orange accueille des pi\u00e8ces d\u2019horlogerie recycl\u00e9es scell\u00e9es sous r\u00e9sine. Une trompette se d\u00e9tache au-dessus de l\u2019arri\u00e8re-plan m\u00e9canique, structurant le disque de 25mm. Les crochets longs portent la longueur totale \u00e0 65mm, donnant \u00e0 ces boucles steampunk une ligne \u00e9lanc\u00e9e.<\/p>\n","protected":false},"excerpt":{"rendered":"<p>Une base en acier inoxydable peinte en orange accueille des pi\u00e8ces d\u2019horlogerie recycl\u00e9es scell\u00e9es sous r\u00e9sine. Une trompette se d\u00e9tache au-dessus de l\u2019arri\u00e8re-plan m\u00e9canique, structurant le disque de 25mm. Les crochets longs portent la longueur totale \u00e0 65mm, donnant \u00e0 ces boucles steampunk une ligne \u00e9lanc\u00e9e.<\/p>\n","protected":false},"featured_media":781,"comment_status":"open","ping_status":"closed","template":"","meta":[],"product_brand":[],"product_cat":[256],"product_tag":[],"class_list":{"0":"post-784","1":"product","2":"type-product","3":"status-publish","4":"has-post-thumbnail","6":"product_cat-boucles-doreilles","7":"pa_charm-musique","8":"pa_charm-trompette","9":"pa_color-orange","10":"pa_size-25mm","12":"first","13":"instock","14":"taxable","15":"shipping-taxable","16":"purchasable","17":"product-type-simple"},"_links":{"self":[{"href":"https:\/\/artaora.com\/fr\/wp-json\/wp\/v2\/product\/784","targetHints":{"allow":["GET"]}}],"collection":[{"href":"https:\/\/artaora.com\/fr\/wp-json\/wp\/v2\/product"}],"about":[{"href":"https:\/\/artaora.com\/fr\/wp-json\/wp\/v2\/types\/product"}],"replies":[{"embeddable":true,"href":"https:\/\/artaora.com\/fr\/wp-json\/wp\/v2\/comments?post=784"}],"wp:featuredmedia":[{"embeddable":true,"href":"https:\/\/artaora.com\/fr\/wp-json\/wp\/v2\/media\/781"}],"wp:attachment":[{"href":"https:\/\/artaora.com\/fr\/wp-json\/wp\/v2\/media?parent=784"}],"wp:term":[{"taxonomy":"product_brand","embeddable":true,"href":"https:\/\/artaora.com\/fr\/wp-json\/wp\/v2\/product_brand?post=784"},{"taxonomy":"product_cat","embeddable":true,"href":"https:\/\/artaora.com\/fr\/wp-json\/wp\/v2\/product_cat?post=784"},{"taxonomy":"product_tag","embeddable":true,"href":"https:\/\/artaora.com\/fr\/wp-json\/wp\/v2\/product_tag?post=784"}],"curies":[{"name":"wp","href":"https:\/\/api.w.org\/{rel}","templated":true}]}}