{"id":788,"date":"2026-03-01T12:21:44","date_gmt":"2026-03-01T12:21:44","guid":{"rendered":"https:\/\/artaora.com\/product\/boucles-doreilles-turquoise-steampunk-avec-note-de-musique\/"},"modified":"2026-03-01T13:53:20","modified_gmt":"2026-03-01T13:53:20","slug":"boucles-doreilles-turquoise-steampunk-avec-note-de-musique","status":"publish","type":"product","link":"https:\/\/artaora.com\/fr\/produit\/boucles-doreilles-turquoise-steampunk-avec-note-de-musique\/","title":{"rendered":"Boucles d\u2019Oreilles Turquoise Steampunk avec Note de Musique"},"content":{"rendered":"<p>Une note de musique domine la sc\u00e8ne sur une base en acier inoxydable peinte en turquoise, enrichie d\u2019engrenages horlogers recycl\u00e9s. La r\u00e9sine prot\u00e8ge l\u2019ensemble tout en conservant la profondeur m\u00e9canique. Le m\u00e9daillon de 25mm est prolong\u00e9 par des crochets longs pour atteindre 65mm, \u00e9voquant une silhouette rythm\u00e9e et \u00e9l\u00e9gante.<\/p>\n","protected":false},"excerpt":{"rendered":"<p>Une note de musique domine la sc\u00e8ne sur une base en acier inoxydable peinte en turquoise, enrichie d\u2019engrenages horlogers recycl\u00e9s. La r\u00e9sine prot\u00e8ge l\u2019ensemble tout en conservant la profondeur m\u00e9canique. Le m\u00e9daillon de 25mm est prolong\u00e9 par des crochets longs pour atteindre 65mm, \u00e9voquant une silhouette rythm\u00e9e et \u00e9l\u00e9gante.<\/p>\n","protected":false},"featured_media":785,"comment_status":"open","ping_status":"closed","template":"","meta":[],"product_brand":[],"product_cat":[256],"product_tag":[],"class_list":{"0":"post-788","1":"product","2":"type-product","3":"status-publish","4":"has-post-thumbnail","6":"product_cat-boucles-doreilles","7":"pa_charm-musique","8":"pa_charm-note-de-musique","9":"pa_color-turquoise","10":"pa_size-25mm","12":"first","13":"instock","14":"taxable","15":"shipping-taxable","16":"purchasable","17":"product-type-simple"},"_links":{"self":[{"href":"https:\/\/artaora.com\/fr\/wp-json\/wp\/v2\/product\/788","targetHints":{"allow":["GET"]}}],"collection":[{"href":"https:\/\/artaora.com\/fr\/wp-json\/wp\/v2\/product"}],"about":[{"href":"https:\/\/artaora.com\/fr\/wp-json\/wp\/v2\/types\/product"}],"replies":[{"embeddable":true,"href":"https:\/\/artaora.com\/fr\/wp-json\/wp\/v2\/comments?post=788"}],"wp:featuredmedia":[{"embeddable":true,"href":"https:\/\/artaora.com\/fr\/wp-json\/wp\/v2\/media\/785"}],"wp:attachment":[{"href":"https:\/\/artaora.com\/fr\/wp-json\/wp\/v2\/media?parent=788"}],"wp:term":[{"taxonomy":"product_brand","embeddable":true,"href":"https:\/\/artaora.com\/fr\/wp-json\/wp\/v2\/product_brand?post=788"},{"taxonomy":"product_cat","embeddable":true,"href":"https:\/\/artaora.com\/fr\/wp-json\/wp\/v2\/product_cat?post=788"},{"taxonomy":"product_tag","embeddable":true,"href":"https:\/\/artaora.com\/fr\/wp-json\/wp\/v2\/product_tag?post=788"}],"curies":[{"name":"wp","href":"https:\/\/api.w.org\/{rel}","templated":true}]}}