{"id":79,"date":"2026-03-01T12:06:26","date_gmt":"2026-03-01T12:06:26","guid":{"rendered":"https:\/\/artaora.com\/product\/pendentif-train-steampunk-turquoise-clair-au-detail-mecanique\/"},"modified":"2026-03-01T13:51:44","modified_gmt":"2026-03-01T13:51:44","slug":"pendentif-train-steampunk-turquoise-clair-au-detail-mecanique","status":"publish","type":"product","link":"https:\/\/artaora.com\/fr\/produit\/pendentif-train-steampunk-turquoise-clair-au-detail-mecanique\/","title":{"rendered":"Pendentif Train Steampunk Turquoise Clair au D\u00e9tail M\u00e9canique"},"content":{"rendered":"<p>Une silhouette de locomotive vintage domine ce pendentif en r\u00e9sine turquoise clair, superpos\u00e9e \u00e0 des engrenages visibles apportant de la profondeur. Le charm train structure la composition, transformant des fragments m\u00e9caniques en un design coh\u00e9rent de bijouterie industrielle. Un collier statement pour les amateurs d\u2019accessoires inspir\u00e9s du transport.<\/p>\n","protected":false},"excerpt":{"rendered":"<p>Une silhouette de locomotive vintage domine ce pendentif en r\u00e9sine turquoise clair, superpos\u00e9e \u00e0 des engrenages visibles apportant de la profondeur. Le charm train structure la composition, transformant des fragments m\u00e9caniques en un design coh\u00e9rent de bijouterie industrielle. Un collier statement pour les amateurs d\u2019accessoires inspir\u00e9s du transport.<\/p>\n","protected":false},"featured_media":76,"comment_status":"open","ping_status":"closed","template":"","meta":[],"product_brand":[],"product_cat":[32,160],"product_tag":[],"class_list":{"0":"post-79","1":"product","2":"type-product","3":"status-publish","4":"has-post-thumbnail","6":"product_cat-pendentif","7":"product_cat-pendentifs","8":"pa_charm-train","9":"pa_charm-transport","10":"pa_color-turquoise","11":"pa_color-turquoise-clair","12":"pa_size-33mm","14":"first","15":"instock","16":"taxable","17":"shipping-taxable","18":"purchasable","19":"product-type-simple"},"_links":{"self":[{"href":"https:\/\/artaora.com\/fr\/wp-json\/wp\/v2\/product\/79","targetHints":{"allow":["GET"]}}],"collection":[{"href":"https:\/\/artaora.com\/fr\/wp-json\/wp\/v2\/product"}],"about":[{"href":"https:\/\/artaora.com\/fr\/wp-json\/wp\/v2\/types\/product"}],"replies":[{"embeddable":true,"href":"https:\/\/artaora.com\/fr\/wp-json\/wp\/v2\/comments?post=79"}],"wp:featuredmedia":[{"embeddable":true,"href":"https:\/\/artaora.com\/fr\/wp-json\/wp\/v2\/media\/76"}],"wp:attachment":[{"href":"https:\/\/artaora.com\/fr\/wp-json\/wp\/v2\/media?parent=79"}],"wp:term":[{"taxonomy":"product_brand","embeddable":true,"href":"https:\/\/artaora.com\/fr\/wp-json\/wp\/v2\/product_brand?post=79"},{"taxonomy":"product_cat","embeddable":true,"href":"https:\/\/artaora.com\/fr\/wp-json\/wp\/v2\/product_cat?post=79"},{"taxonomy":"product_tag","embeddable":true,"href":"https:\/\/artaora.com\/fr\/wp-json\/wp\/v2\/product_tag?post=79"}],"curies":[{"name":"wp","href":"https:\/\/api.w.org\/{rel}","templated":true}]}}