{"id":808,"date":"2026-03-01T12:21:51","date_gmt":"2026-03-01T12:21:51","guid":{"rendered":"https:\/\/artaora.com\/product\/boucles-doreilles-industrielles-vertes-avec-pieces-dhorlogerie\/"},"modified":"2026-03-01T13:53:23","modified_gmt":"2026-03-01T13:53:23","slug":"boucles-doreilles-industrielles-vertes-avec-pieces-dhorlogerie","status":"publish","type":"product","link":"https:\/\/artaora.com\/fr\/produit\/boucles-doreilles-industrielles-vertes-avec-pieces-dhorlogerie\/","title":{"rendered":"Boucles d\u2019oreilles industrielles vertes avec pi\u00e8ces d\u2019horlogerie"},"content":{"rendered":"<p>Une base peinte en vert soutient ces boucles d\u2019oreilles au caract\u00e8re steampunk, enrichies de m\u00e9canismes d\u2019horlogerie recycl\u00e9s scell\u00e9s sous r\u00e9sine. V\u00e9ritable bijou en pi\u00e8ces de montre recycl\u00e9es, l\u2019ensemble joue sur le contraste entre m\u00e9canique et couleur. Les disques de 25mm sont mont\u00e9s sur de longs crochets, portant la longueur totale \u00e0 environ 65mm pour un effet \u00e9lanc\u00e9 marqu\u00e9.<\/p>\n","protected":false},"excerpt":{"rendered":"<p>Une base peinte en vert soutient ces boucles d\u2019oreilles au caract\u00e8re steampunk, enrichies de m\u00e9canismes d\u2019horlogerie recycl\u00e9s scell\u00e9s sous r\u00e9sine. V\u00e9ritable bijou en pi\u00e8ces de montre recycl\u00e9es, l\u2019ensemble joue sur le contraste entre m\u00e9canique et couleur. Les disques de 25mm sont mont\u00e9s sur de longs crochets, portant la longueur totale \u00e0 environ 65mm pour un [&hellip;]<\/p>\n","protected":false},"featured_media":805,"comment_status":"open","ping_status":"closed","template":"","meta":[],"product_brand":[],"product_cat":[256],"product_tag":[],"class_list":{"0":"post-808","1":"product","2":"type-product","3":"status-publish","4":"has-post-thumbnail","6":"product_cat-boucles-doreilles","7":"pa_charm-pieces-de-montre-uniquement","8":"pa_color-vert","9":"pa_size-25mm","11":"first","12":"instock","13":"taxable","14":"shipping-taxable","15":"purchasable","16":"product-type-simple"},"_links":{"self":[{"href":"https:\/\/artaora.com\/fr\/wp-json\/wp\/v2\/product\/808","targetHints":{"allow":["GET"]}}],"collection":[{"href":"https:\/\/artaora.com\/fr\/wp-json\/wp\/v2\/product"}],"about":[{"href":"https:\/\/artaora.com\/fr\/wp-json\/wp\/v2\/types\/product"}],"replies":[{"embeddable":true,"href":"https:\/\/artaora.com\/fr\/wp-json\/wp\/v2\/comments?post=808"}],"wp:featuredmedia":[{"embeddable":true,"href":"https:\/\/artaora.com\/fr\/wp-json\/wp\/v2\/media\/805"}],"wp:attachment":[{"href":"https:\/\/artaora.com\/fr\/wp-json\/wp\/v2\/media?parent=808"}],"wp:term":[{"taxonomy":"product_brand","embeddable":true,"href":"https:\/\/artaora.com\/fr\/wp-json\/wp\/v2\/product_brand?post=808"},{"taxonomy":"product_cat","embeddable":true,"href":"https:\/\/artaora.com\/fr\/wp-json\/wp\/v2\/product_cat?post=808"},{"taxonomy":"product_tag","embeddable":true,"href":"https:\/\/artaora.com\/fr\/wp-json\/wp\/v2\/product_tag?post=808"}],"curies":[{"name":"wp","href":"https:\/\/api.w.org\/{rel}","templated":true}]}}