{"id":812,"date":"2026-03-01T12:21:52","date_gmt":"2026-03-01T12:21:52","guid":{"rendered":"https:\/\/artaora.com\/product\/boucles-doreilles-pendantes-bleues-au-design-mecanique\/"},"modified":"2026-03-01T13:53:23","modified_gmt":"2026-03-01T13:53:23","slug":"boucles-doreilles-pendantes-bleues-au-design-mecanique","status":"publish","type":"product","link":"https:\/\/artaora.com\/fr\/produit\/boucles-doreilles-pendantes-bleues-au-design-mecanique\/","title":{"rendered":"Boucles d\u2019oreilles pendantes bleues au design m\u00e9canique"},"content":{"rendered":"<p>Sur une base peinte en bleu soutenu, des engrenages d\u2019horlogerie composent un d\u00e9cor m\u00e9canique structur\u00e9 dans chaque disque de 25mm. Ces boucles en r\u00e9sine mettent en valeur la finesse de pi\u00e8ces r\u00e9cup\u00e9r\u00e9es dispos\u00e9es en partie basse. Les longs crochets portent la longueur totale \u00e0 environ 65mm, accentuant la verticalit\u00e9 du bijou.<\/p>\n","protected":false},"excerpt":{"rendered":"<p>Sur une base peinte en bleu soutenu, des engrenages d\u2019horlogerie composent un d\u00e9cor m\u00e9canique structur\u00e9 dans chaque disque de 25mm. Ces boucles en r\u00e9sine mettent en valeur la finesse de pi\u00e8ces r\u00e9cup\u00e9r\u00e9es dispos\u00e9es en partie basse. Les longs crochets portent la longueur totale \u00e0 environ 65mm, accentuant la verticalit\u00e9 du bijou.<\/p>\n","protected":false},"featured_media":809,"comment_status":"open","ping_status":"closed","template":"","meta":[],"product_brand":[],"product_cat":[256],"product_tag":[],"class_list":{"0":"post-812","1":"product","2":"type-product","3":"status-publish","4":"has-post-thumbnail","6":"product_cat-boucles-doreilles","7":"pa_charm-pieces-de-montre-uniquement","8":"pa_color-bleu","9":"pa_size-25mm","11":"first","12":"instock","13":"taxable","14":"shipping-taxable","15":"purchasable","16":"product-type-simple"},"_links":{"self":[{"href":"https:\/\/artaora.com\/fr\/wp-json\/wp\/v2\/product\/812","targetHints":{"allow":["GET"]}}],"collection":[{"href":"https:\/\/artaora.com\/fr\/wp-json\/wp\/v2\/product"}],"about":[{"href":"https:\/\/artaora.com\/fr\/wp-json\/wp\/v2\/types\/product"}],"replies":[{"embeddable":true,"href":"https:\/\/artaora.com\/fr\/wp-json\/wp\/v2\/comments?post=812"}],"wp:featuredmedia":[{"embeddable":true,"href":"https:\/\/artaora.com\/fr\/wp-json\/wp\/v2\/media\/809"}],"wp:attachment":[{"href":"https:\/\/artaora.com\/fr\/wp-json\/wp\/v2\/media?parent=812"}],"wp:term":[{"taxonomy":"product_brand","embeddable":true,"href":"https:\/\/artaora.com\/fr\/wp-json\/wp\/v2\/product_brand?post=812"},{"taxonomy":"product_cat","embeddable":true,"href":"https:\/\/artaora.com\/fr\/wp-json\/wp\/v2\/product_cat?post=812"},{"taxonomy":"product_tag","embeddable":true,"href":"https:\/\/artaora.com\/fr\/wp-json\/wp\/v2\/product_tag?post=812"}],"curies":[{"name":"wp","href":"https:\/\/api.w.org\/{rel}","templated":true}]}}