{"id":820,"date":"2026-03-01T12:21:55","date_gmt":"2026-03-01T12:21:55","guid":{"rendered":"https:\/\/artaora.com\/product\/boucles-doreilles-industrielles-violettes-en-resine-avec-pieces-dhorlogerie\/"},"modified":"2026-03-01T13:53:24","modified_gmt":"2026-03-01T13:53:24","slug":"boucles-doreilles-industrielles-violettes-en-resine-avec-pieces-dhorlogerie","status":"publish","type":"product","link":"https:\/\/artaora.com\/fr\/produit\/boucles-doreilles-industrielles-violettes-en-resine-avec-pieces-dhorlogerie\/","title":{"rendered":"Boucles d\u2019oreilles industrielles violettes en r\u00e9sine avec pi\u00e8ces d\u2019horlogerie"},"content":{"rendered":"<p>Des nuances violettes tourbillonnantes servent de base \u00e0 des \u00e9l\u00e9ments m\u00e9caniques int\u00e9gr\u00e9s sous r\u00e9sine. Ces boucles d\u2019oreilles affirm\u00e9es de 25mm mettent en sc\u00e8ne des pi\u00e8ces d\u2019horlogerie recycl\u00e9es dispos\u00e9es avec \u00e9quilibre. Les longs crochets portent la longueur totale \u00e0 environ 65mm, accentuant l\u2019effet \u00e9lanc\u00e9.<\/p>\n","protected":false},"excerpt":{"rendered":"<p>Des nuances violettes tourbillonnantes servent de base \u00e0 des \u00e9l\u00e9ments m\u00e9caniques int\u00e9gr\u00e9s sous r\u00e9sine. Ces boucles d\u2019oreilles affirm\u00e9es de 25mm mettent en sc\u00e8ne des pi\u00e8ces d\u2019horlogerie recycl\u00e9es dispos\u00e9es avec \u00e9quilibre. Les longs crochets portent la longueur totale \u00e0 environ 65mm, accentuant l\u2019effet \u00e9lanc\u00e9.<\/p>\n","protected":false},"featured_media":817,"comment_status":"open","ping_status":"closed","template":"","meta":[],"product_brand":[],"product_cat":[256],"product_tag":[],"class_list":{"0":"post-820","1":"product","2":"type-product","3":"status-publish","4":"has-post-thumbnail","6":"product_cat-boucles-doreilles","7":"pa_charm-pieces-de-montre-uniquement","8":"pa_color-violet","9":"pa_size-25mm","11":"first","12":"instock","13":"taxable","14":"shipping-taxable","15":"purchasable","16":"product-type-simple"},"_links":{"self":[{"href":"https:\/\/artaora.com\/fr\/wp-json\/wp\/v2\/product\/820","targetHints":{"allow":["GET"]}}],"collection":[{"href":"https:\/\/artaora.com\/fr\/wp-json\/wp\/v2\/product"}],"about":[{"href":"https:\/\/artaora.com\/fr\/wp-json\/wp\/v2\/types\/product"}],"replies":[{"embeddable":true,"href":"https:\/\/artaora.com\/fr\/wp-json\/wp\/v2\/comments?post=820"}],"wp:featuredmedia":[{"embeddable":true,"href":"https:\/\/artaora.com\/fr\/wp-json\/wp\/v2\/media\/817"}],"wp:attachment":[{"href":"https:\/\/artaora.com\/fr\/wp-json\/wp\/v2\/media?parent=820"}],"wp:term":[{"taxonomy":"product_brand","embeddable":true,"href":"https:\/\/artaora.com\/fr\/wp-json\/wp\/v2\/product_brand?post=820"},{"taxonomy":"product_cat","embeddable":true,"href":"https:\/\/artaora.com\/fr\/wp-json\/wp\/v2\/product_cat?post=820"},{"taxonomy":"product_tag","embeddable":true,"href":"https:\/\/artaora.com\/fr\/wp-json\/wp\/v2\/product_tag?post=820"}],"curies":[{"name":"wp","href":"https:\/\/api.w.org\/{rel}","templated":true}]}}