{"id":824,"date":"2026-03-01T12:21:56","date_gmt":"2026-03-01T12:21:56","guid":{"rendered":"https:\/\/artaora.com\/product\/boucles-doreilles-industrielles-orange-esprit-horloger\/"},"modified":"2026-03-01T13:53:25","modified_gmt":"2026-03-01T13:53:25","slug":"boucles-doreilles-industrielles-orange-esprit-horloger","status":"publish","type":"product","link":"https:\/\/artaora.com\/fr\/produit\/boucles-doreilles-industrielles-orange-esprit-horloger\/","title":{"rendered":"Boucles d\u2019oreilles industrielles orange esprit horloger"},"content":{"rendered":"<p>Une base peinte en orange affirm\u00e9 sert d\u2019\u00e9crin \u00e0 des engrenages dispos\u00e9s dans la partie basse de chaque disque. Ces boucles artisanales en r\u00e9sine jouent sur l\u2019opposition entre teinte chaude et \u00e9l\u00e9ments m\u00e9talliques. D\u2019un diam\u00e8tre de 25mm, elles sont mont\u00e9es sur de longs crochets portant la longueur totale \u00e0 environ 65mm.<\/p>\n","protected":false},"excerpt":{"rendered":"<p>Une base peinte en orange affirm\u00e9 sert d\u2019\u00e9crin \u00e0 des engrenages dispos\u00e9s dans la partie basse de chaque disque. Ces boucles artisanales en r\u00e9sine jouent sur l\u2019opposition entre teinte chaude et \u00e9l\u00e9ments m\u00e9talliques. D\u2019un diam\u00e8tre de 25mm, elles sont mont\u00e9es sur de longs crochets portant la longueur totale \u00e0 environ 65mm.<\/p>\n","protected":false},"featured_media":821,"comment_status":"open","ping_status":"closed","template":"","meta":[],"product_brand":[],"product_cat":[256],"product_tag":[],"class_list":{"0":"post-824","1":"product","2":"type-product","3":"status-publish","4":"has-post-thumbnail","6":"product_cat-boucles-doreilles","7":"pa_charm-pieces-de-montre-uniquement","8":"pa_color-orange","9":"pa_size-25mm","11":"first","12":"instock","13":"taxable","14":"shipping-taxable","15":"purchasable","16":"product-type-simple"},"_links":{"self":[{"href":"https:\/\/artaora.com\/fr\/wp-json\/wp\/v2\/product\/824","targetHints":{"allow":["GET"]}}],"collection":[{"href":"https:\/\/artaora.com\/fr\/wp-json\/wp\/v2\/product"}],"about":[{"href":"https:\/\/artaora.com\/fr\/wp-json\/wp\/v2\/types\/product"}],"replies":[{"embeddable":true,"href":"https:\/\/artaora.com\/fr\/wp-json\/wp\/v2\/comments?post=824"}],"wp:featuredmedia":[{"embeddable":true,"href":"https:\/\/artaora.com\/fr\/wp-json\/wp\/v2\/media\/821"}],"wp:attachment":[{"href":"https:\/\/artaora.com\/fr\/wp-json\/wp\/v2\/media?parent=824"}],"wp:term":[{"taxonomy":"product_brand","embeddable":true,"href":"https:\/\/artaora.com\/fr\/wp-json\/wp\/v2\/product_brand?post=824"},{"taxonomy":"product_cat","embeddable":true,"href":"https:\/\/artaora.com\/fr\/wp-json\/wp\/v2\/product_cat?post=824"},{"taxonomy":"product_tag","embeddable":true,"href":"https:\/\/artaora.com\/fr\/wp-json\/wp\/v2\/product_tag?post=824"}],"curies":[{"name":"wp","href":"https:\/\/api.w.org\/{rel}","templated":true}]}}