{"id":828,"date":"2026-03-01T12:21:57","date_gmt":"2026-03-01T12:21:57","guid":{"rendered":"https:\/\/artaora.com\/product\/boucles-doreilles-steampunk-orange-arbre-de-vie\/"},"modified":"2026-03-01T13:53:26","modified_gmt":"2026-03-01T13:53:26","slug":"boucles-doreilles-steampunk-orange-arbre-de-vie","status":"publish","type":"product","link":"https:\/\/artaora.com\/fr\/produit\/boucles-doreilles-steampunk-orange-arbre-de-vie\/","title":{"rendered":"Boucles d\u2019oreilles steampunk orange Arbre de Vie"},"content":{"rendered":"<p>Une base peinte en orange dynamise la composition et met en valeur le motif de l\u2019Arbre de Vie associ\u00e9 \u00e0 des engrenages recycl\u00e9s scell\u00e9s sous r\u00e9sine. Ces boucles steampunk artisanales conjuguent symbole et m\u00e9canique dans chaque disque de 25mm. Mont\u00e9es sur de longs crochets, elles atteignent environ 65mm de longueur totale, accentuant l\u2019effet \u00e9lanc\u00e9.<\/p>\n","protected":false},"excerpt":{"rendered":"<p>Une base peinte en orange dynamise la composition et met en valeur le motif de l\u2019Arbre de Vie associ\u00e9 \u00e0 des engrenages recycl\u00e9s scell\u00e9s sous r\u00e9sine. Ces boucles steampunk artisanales conjuguent symbole et m\u00e9canique dans chaque disque de 25mm. Mont\u00e9es sur de longs crochets, elles atteignent environ 65mm de longueur totale, accentuant l\u2019effet \u00e9lanc\u00e9.<\/p>\n","protected":false},"featured_media":825,"comment_status":"open","ping_status":"closed","template":"","meta":[],"product_brand":[],"product_cat":[256],"product_tag":[],"class_list":{"0":"post-828","1":"product","2":"type-product","3":"status-publish","4":"has-post-thumbnail","6":"product_cat-boucles-doreilles","7":"pa_charm-arbre-de-vie","8":"pa_charm-nature","9":"pa_color-orange","10":"pa_size-25mm","12":"first","13":"instock","14":"taxable","15":"shipping-taxable","16":"purchasable","17":"product-type-simple"},"_links":{"self":[{"href":"https:\/\/artaora.com\/fr\/wp-json\/wp\/v2\/product\/828","targetHints":{"allow":["GET"]}}],"collection":[{"href":"https:\/\/artaora.com\/fr\/wp-json\/wp\/v2\/product"}],"about":[{"href":"https:\/\/artaora.com\/fr\/wp-json\/wp\/v2\/types\/product"}],"replies":[{"embeddable":true,"href":"https:\/\/artaora.com\/fr\/wp-json\/wp\/v2\/comments?post=828"}],"wp:featuredmedia":[{"embeddable":true,"href":"https:\/\/artaora.com\/fr\/wp-json\/wp\/v2\/media\/825"}],"wp:attachment":[{"href":"https:\/\/artaora.com\/fr\/wp-json\/wp\/v2\/media?parent=828"}],"wp:term":[{"taxonomy":"product_brand","embeddable":true,"href":"https:\/\/artaora.com\/fr\/wp-json\/wp\/v2\/product_brand?post=828"},{"taxonomy":"product_cat","embeddable":true,"href":"https:\/\/artaora.com\/fr\/wp-json\/wp\/v2\/product_cat?post=828"},{"taxonomy":"product_tag","embeddable":true,"href":"https:\/\/artaora.com\/fr\/wp-json\/wp\/v2\/product_tag?post=828"}],"curies":[{"name":"wp","href":"https:\/\/api.w.org\/{rel}","templated":true}]}}