{"id":840,"date":"2026-03-01T12:22:02","date_gmt":"2026-03-01T12:22:02","guid":{"rendered":"https:\/\/artaora.com\/product\/boucles-doreilles-steampunk-turquoise-avec-hippocampe\/"},"modified":"2026-03-01T13:53:27","modified_gmt":"2026-03-01T13:53:27","slug":"boucles-doreilles-steampunk-turquoise-avec-hippocampe","status":"publish","type":"product","link":"https:\/\/artaora.com\/fr\/produit\/boucles-doreilles-steampunk-turquoise-avec-hippocampe\/","title":{"rendered":"Boucles d\u2019oreilles steampunk turquoise avec hippocampe"},"content":{"rendered":"<p>Une base peinte en turquoise instaure une ambiance marine, mise en valeur par des engrenages m\u00e9talliques entourant un hippocampe sculpt\u00e9. Cet accessoire steampunk inspir\u00e9 de l\u2019oc\u00e9an int\u00e8gre des pi\u00e8ces d\u2019horlogerie recycl\u00e9es dans chaque disque de 25mm. Les longs crochets portent la longueur totale \u00e0 environ 65mm, soulignant la ligne allong\u00e9e.<\/p>\n","protected":false},"excerpt":{"rendered":"<p>Une base peinte en turquoise instaure une ambiance marine, mise en valeur par des engrenages m\u00e9talliques entourant un hippocampe sculpt\u00e9. Cet accessoire steampunk inspir\u00e9 de l\u2019oc\u00e9an int\u00e8gre des pi\u00e8ces d\u2019horlogerie recycl\u00e9es dans chaque disque de 25mm. Les longs crochets portent la longueur totale \u00e0 environ 65mm, soulignant la ligne allong\u00e9e.<\/p>\n","protected":false},"featured_media":837,"comment_status":"open","ping_status":"closed","template":"","meta":[],"product_brand":[],"product_cat":[256],"product_tag":[],"class_list":{"0":"post-840","1":"product","2":"type-product","3":"status-publish","4":"has-post-thumbnail","6":"product_cat-boucles-doreilles","7":"pa_charm-hippocampe","8":"pa_charm-nature","9":"pa_color-turquoise","10":"pa_size-25mm","12":"first","13":"instock","14":"taxable","15":"shipping-taxable","16":"purchasable","17":"product-type-simple"},"_links":{"self":[{"href":"https:\/\/artaora.com\/fr\/wp-json\/wp\/v2\/product\/840","targetHints":{"allow":["GET"]}}],"collection":[{"href":"https:\/\/artaora.com\/fr\/wp-json\/wp\/v2\/product"}],"about":[{"href":"https:\/\/artaora.com\/fr\/wp-json\/wp\/v2\/types\/product"}],"replies":[{"embeddable":true,"href":"https:\/\/artaora.com\/fr\/wp-json\/wp\/v2\/comments?post=840"}],"wp:featuredmedia":[{"embeddable":true,"href":"https:\/\/artaora.com\/fr\/wp-json\/wp\/v2\/media\/837"}],"wp:attachment":[{"href":"https:\/\/artaora.com\/fr\/wp-json\/wp\/v2\/media?parent=840"}],"wp:term":[{"taxonomy":"product_brand","embeddable":true,"href":"https:\/\/artaora.com\/fr\/wp-json\/wp\/v2\/product_brand?post=840"},{"taxonomy":"product_cat","embeddable":true,"href":"https:\/\/artaora.com\/fr\/wp-json\/wp\/v2\/product_cat?post=840"},{"taxonomy":"product_tag","embeddable":true,"href":"https:\/\/artaora.com\/fr\/wp-json\/wp\/v2\/product_tag?post=840"}],"curies":[{"name":"wp","href":"https:\/\/api.w.org\/{rel}","templated":true}]}}