{"id":848,"date":"2026-03-01T12:22:05","date_gmt":"2026-03-01T12:22:05","guid":{"rendered":"https:\/\/artaora.com\/product\/boucles-doreilles-industrielles-bleu-et-orange-avec-engrenages\/"},"modified":"2026-03-01T13:53:28","modified_gmt":"2026-03-01T13:53:28","slug":"boucles-doreilles-industrielles-bleu-et-orange-avec-engrenages","status":"publish","type":"product","link":"https:\/\/artaora.com\/fr\/produit\/boucles-doreilles-industrielles-bleu-et-orange-avec-engrenages\/","title":{"rendered":"Boucles d\u2019oreilles industrielles bleu et orange avec engrenages"},"content":{"rendered":"<p>Des zones peintes en bleu et orange structurent la surface et mettent en valeur des engrenages apparents scell\u00e9s sous r\u00e9sine. Ces boucles steampunk soulignent le contraste des couleurs et la superposition m\u00e9canique dans chaque disque de 25mm. Les longs crochets portent la longueur totale \u00e0 environ 65mm, accentuant la verticalit\u00e9.<\/p>\n","protected":false},"excerpt":{"rendered":"<p>Des zones peintes en bleu et orange structurent la surface et mettent en valeur des engrenages apparents scell\u00e9s sous r\u00e9sine. Ces boucles steampunk soulignent le contraste des couleurs et la superposition m\u00e9canique dans chaque disque de 25mm. Les longs crochets portent la longueur totale \u00e0 environ 65mm, accentuant la verticalit\u00e9.<\/p>\n","protected":false},"featured_media":845,"comment_status":"open","ping_status":"closed","template":"","meta":[],"product_brand":[],"product_cat":[256],"product_tag":[],"class_list":{"0":"post-848","1":"product","2":"type-product","3":"status-publish","4":"has-post-thumbnail","6":"product_cat-boucles-doreilles","7":"pa_charm-pieces-de-montre-uniquement","8":"pa_color-bleu","9":"pa_color-orange","10":"pa_size-25mm","12":"first","13":"instock","14":"taxable","15":"shipping-taxable","16":"purchasable","17":"product-type-simple"},"_links":{"self":[{"href":"https:\/\/artaora.com\/fr\/wp-json\/wp\/v2\/product\/848","targetHints":{"allow":["GET"]}}],"collection":[{"href":"https:\/\/artaora.com\/fr\/wp-json\/wp\/v2\/product"}],"about":[{"href":"https:\/\/artaora.com\/fr\/wp-json\/wp\/v2\/types\/product"}],"replies":[{"embeddable":true,"href":"https:\/\/artaora.com\/fr\/wp-json\/wp\/v2\/comments?post=848"}],"wp:featuredmedia":[{"embeddable":true,"href":"https:\/\/artaora.com\/fr\/wp-json\/wp\/v2\/media\/845"}],"wp:attachment":[{"href":"https:\/\/artaora.com\/fr\/wp-json\/wp\/v2\/media?parent=848"}],"wp:term":[{"taxonomy":"product_brand","embeddable":true,"href":"https:\/\/artaora.com\/fr\/wp-json\/wp\/v2\/product_brand?post=848"},{"taxonomy":"product_cat","embeddable":true,"href":"https:\/\/artaora.com\/fr\/wp-json\/wp\/v2\/product_cat?post=848"},{"taxonomy":"product_tag","embeddable":true,"href":"https:\/\/artaora.com\/fr\/wp-json\/wp\/v2\/product_tag?post=848"}],"curies":[{"name":"wp","href":"https:\/\/api.w.org\/{rel}","templated":true}]}}