{"id":852,"date":"2026-03-01T12:22:05","date_gmt":"2026-03-01T12:22:05","guid":{"rendered":"https:\/\/artaora.com\/product\/boucles-doreilles-steampunk-roses-avec-papillon\/"},"modified":"2026-03-01T13:53:29","modified_gmt":"2026-03-01T13:53:29","slug":"boucles-doreilles-steampunk-roses-avec-papillon","status":"publish","type":"product","link":"https:\/\/artaora.com\/fr\/produit\/boucles-doreilles-steampunk-roses-avec-papillon\/","title":{"rendered":"Boucles d\u2019oreilles steampunk roses avec papillon"},"content":{"rendered":"<p>Une base peinte en rose met en valeur un motif de papillon associ\u00e9 \u00e0 des \u00e9l\u00e9ments horlogers recycl\u00e9s scell\u00e9s sous r\u00e9sine. Ce bijou steampunk d\u2019inspiration onirique associe finesse symbolique et m\u00e9canique dans chaque disque de 25mm. Les longs crochets portent la longueur totale \u00e0 environ 65mm, offrant une pr\u00e9sence \u00e9lanc\u00e9e.<\/p>\n","protected":false},"excerpt":{"rendered":"<p>Une base peinte en rose met en valeur un motif de papillon associ\u00e9 \u00e0 des \u00e9l\u00e9ments horlogers recycl\u00e9s scell\u00e9s sous r\u00e9sine. Ce bijou steampunk d\u2019inspiration onirique associe finesse symbolique et m\u00e9canique dans chaque disque de 25mm. Les longs crochets portent la longueur totale \u00e0 environ 65mm, offrant une pr\u00e9sence \u00e9lanc\u00e9e.<\/p>\n","protected":false},"featured_media":849,"comment_status":"open","ping_status":"closed","template":"","meta":[],"product_brand":[],"product_cat":[256],"product_tag":[],"class_list":{"0":"post-852","1":"product","2":"type-product","3":"status-publish","4":"has-post-thumbnail","6":"product_cat-boucles-doreilles","7":"pa_charm-nature","8":"pa_charm-papillon","9":"pa_color-rose","10":"pa_size-25mm","12":"first","13":"instock","14":"featured","15":"taxable","16":"shipping-taxable","17":"purchasable","18":"product-type-simple"},"_links":{"self":[{"href":"https:\/\/artaora.com\/fr\/wp-json\/wp\/v2\/product\/852","targetHints":{"allow":["GET"]}}],"collection":[{"href":"https:\/\/artaora.com\/fr\/wp-json\/wp\/v2\/product"}],"about":[{"href":"https:\/\/artaora.com\/fr\/wp-json\/wp\/v2\/types\/product"}],"replies":[{"embeddable":true,"href":"https:\/\/artaora.com\/fr\/wp-json\/wp\/v2\/comments?post=852"}],"wp:featuredmedia":[{"embeddable":true,"href":"https:\/\/artaora.com\/fr\/wp-json\/wp\/v2\/media\/849"}],"wp:attachment":[{"href":"https:\/\/artaora.com\/fr\/wp-json\/wp\/v2\/media?parent=852"}],"wp:term":[{"taxonomy":"product_brand","embeddable":true,"href":"https:\/\/artaora.com\/fr\/wp-json\/wp\/v2\/product_brand?post=852"},{"taxonomy":"product_cat","embeddable":true,"href":"https:\/\/artaora.com\/fr\/wp-json\/wp\/v2\/product_cat?post=852"},{"taxonomy":"product_tag","embeddable":true,"href":"https:\/\/artaora.com\/fr\/wp-json\/wp\/v2\/product_tag?post=852"}],"curies":[{"name":"wp","href":"https:\/\/api.w.org\/{rel}","templated":true}]}}