{"id":856,"date":"2026-03-01T12:22:07","date_gmt":"2026-03-01T12:22:07","guid":{"rendered":"https:\/\/artaora.com\/product\/boucles-doreilles-industrielles-vert-et-dore-avec-engrenages\/"},"modified":"2026-03-01T13:53:29","modified_gmt":"2026-03-01T13:53:29","slug":"boucles-doreilles-industrielles-vert-et-dore-avec-engrenages","status":"publish","type":"product","link":"https:\/\/artaora.com\/fr\/produit\/boucles-doreilles-industrielles-vert-et-dore-avec-engrenages\/","title":{"rendered":"Boucles d\u2019oreilles industrielles vert et dor\u00e9 avec engrenages"},"content":{"rendered":"<p>Des surfaces peintes en vert s\u2019associent \u00e0 des nuances dor\u00e9es chaudes mettant en valeur des engrenages scell\u00e9s sous r\u00e9sine. Ce bijou industriel artisanal souligne la profondeur et la structure m\u00e9canique dans chaque disque de 25mm. Les longs crochets portent la longueur totale \u00e0 environ 65mm, accentuant la ligne \u00e9lanc\u00e9e.<\/p>\n","protected":false},"excerpt":{"rendered":"<p>Des surfaces peintes en vert s\u2019associent \u00e0 des nuances dor\u00e9es chaudes mettant en valeur des engrenages scell\u00e9s sous r\u00e9sine. Ce bijou industriel artisanal souligne la profondeur et la structure m\u00e9canique dans chaque disque de 25mm. Les longs crochets portent la longueur totale \u00e0 environ 65mm, accentuant la ligne \u00e9lanc\u00e9e.<\/p>\n","protected":false},"featured_media":853,"comment_status":"open","ping_status":"closed","template":"","meta":[],"product_brand":[],"product_cat":[256],"product_tag":[],"class_list":{"0":"post-856","1":"product","2":"type-product","3":"status-publish","4":"has-post-thumbnail","6":"product_cat-boucles-doreilles","7":"pa_charm-pieces-de-montre-uniquement","8":"pa_color-dore","9":"pa_color-vert","10":"pa_size-25mm","12":"first","13":"instock","14":"featured","15":"taxable","16":"shipping-taxable","17":"purchasable","18":"product-type-simple"},"_links":{"self":[{"href":"https:\/\/artaora.com\/fr\/wp-json\/wp\/v2\/product\/856","targetHints":{"allow":["GET"]}}],"collection":[{"href":"https:\/\/artaora.com\/fr\/wp-json\/wp\/v2\/product"}],"about":[{"href":"https:\/\/artaora.com\/fr\/wp-json\/wp\/v2\/types\/product"}],"replies":[{"embeddable":true,"href":"https:\/\/artaora.com\/fr\/wp-json\/wp\/v2\/comments?post=856"}],"wp:featuredmedia":[{"embeddable":true,"href":"https:\/\/artaora.com\/fr\/wp-json\/wp\/v2\/media\/853"}],"wp:attachment":[{"href":"https:\/\/artaora.com\/fr\/wp-json\/wp\/v2\/media?parent=856"}],"wp:term":[{"taxonomy":"product_brand","embeddable":true,"href":"https:\/\/artaora.com\/fr\/wp-json\/wp\/v2\/product_brand?post=856"},{"taxonomy":"product_cat","embeddable":true,"href":"https:\/\/artaora.com\/fr\/wp-json\/wp\/v2\/product_cat?post=856"},{"taxonomy":"product_tag","embeddable":true,"href":"https:\/\/artaora.com\/fr\/wp-json\/wp\/v2\/product_tag?post=856"}],"curies":[{"name":"wp","href":"https:\/\/api.w.org\/{rel}","templated":true}]}}