{"id":864,"date":"2026-03-01T12:22:10","date_gmt":"2026-03-01T12:22:10","guid":{"rendered":"https:\/\/artaora.com\/product\/bague-steampunk-ajustable-a-engrenages-turquoise\/"},"modified":"2026-03-01T13:53:31","modified_gmt":"2026-03-01T13:53:31","slug":"bague-steampunk-ajustable-a-engrenages-turquoise","status":"publish","type":"product","link":"https:\/\/artaora.com\/fr\/produit\/bague-steampunk-ajustable-a-engrenages-turquoise\/","title":{"rendered":"Bague steampunk ajustable \u00e0 engrenages turquoise"},"content":{"rendered":"<p>Bague en acier inoxydable scell\u00e9e sous r\u00e9sine sur une base peinte turquoise, avec des engrenages de montre recycl\u00e9s superpos\u00e9s. Le diam\u00e8tre est ajustable, parfaite comme bague steampunk artisanale au quotidien.<\/p>\n","protected":false},"excerpt":{"rendered":"<p>Bague en acier inoxydable scell\u00e9e sous r\u00e9sine sur une base peinte turquoise, avec des engrenages de montre recycl\u00e9s superpos\u00e9s. Le diam\u00e8tre est ajustable, parfaite comme bague steampunk artisanale au quotidien.<\/p>\n","protected":false},"featured_media":861,"comment_status":"open","ping_status":"closed","template":"","meta":[],"product_brand":[],"product_cat":[283],"product_tag":[],"class_list":{"0":"post-864","1":"product","2":"type-product","3":"status-publish","4":"has-post-thumbnail","6":"product_cat-bagues","7":"pa_charm-pieces-de-montre-uniquement","8":"pa_color-turquoise","9":"pa_size-16mm","11":"first","12":"instock","13":"taxable","14":"shipping-taxable","15":"purchasable","16":"product-type-simple"},"_links":{"self":[{"href":"https:\/\/artaora.com\/fr\/wp-json\/wp\/v2\/product\/864","targetHints":{"allow":["GET"]}}],"collection":[{"href":"https:\/\/artaora.com\/fr\/wp-json\/wp\/v2\/product"}],"about":[{"href":"https:\/\/artaora.com\/fr\/wp-json\/wp\/v2\/types\/product"}],"replies":[{"embeddable":true,"href":"https:\/\/artaora.com\/fr\/wp-json\/wp\/v2\/comments?post=864"}],"wp:featuredmedia":[{"embeddable":true,"href":"https:\/\/artaora.com\/fr\/wp-json\/wp\/v2\/media\/861"}],"wp:attachment":[{"href":"https:\/\/artaora.com\/fr\/wp-json\/wp\/v2\/media?parent=864"}],"wp:term":[{"taxonomy":"product_brand","embeddable":true,"href":"https:\/\/artaora.com\/fr\/wp-json\/wp\/v2\/product_brand?post=864"},{"taxonomy":"product_cat","embeddable":true,"href":"https:\/\/artaora.com\/fr\/wp-json\/wp\/v2\/product_cat?post=864"},{"taxonomy":"product_tag","embeddable":true,"href":"https:\/\/artaora.com\/fr\/wp-json\/wp\/v2\/product_tag?post=864"}],"curies":[{"name":"wp","href":"https:\/\/api.w.org\/{rel}","templated":true}]}}