{"id":868,"date":"2026-03-01T12:22:11","date_gmt":"2026-03-01T12:22:11","guid":{"rendered":"https:\/\/artaora.com\/product\/bague-ajustable-steampunk-bleue-style-horlogerie\/"},"modified":"2026-03-01T13:53:31","modified_gmt":"2026-03-01T13:53:31","slug":"bague-ajustable-steampunk-bleue-style-horlogerie","status":"publish","type":"product","link":"https:\/\/artaora.com\/fr\/produit\/bague-ajustable-steampunk-bleue-style-horlogerie\/","title":{"rendered":"Bague ajustable steampunk bleue style horlogerie"},"content":{"rendered":"<p>Une base bleue met en valeur des engrenages de montre recycl\u00e9s superpos\u00e9s pour un rendu industriel. Le diam\u00e8tre de la bague est ajustable, ce qui en fait une bague en pi\u00e8ces de montre upcycl\u00e9es confortable au quotidien.<\/p>\n","protected":false},"excerpt":{"rendered":"<p>Une base bleue met en valeur des engrenages de montre recycl\u00e9s superpos\u00e9s pour un rendu industriel. Le diam\u00e8tre de la bague est ajustable, ce qui en fait une bague en pi\u00e8ces de montre upcycl\u00e9es confortable au quotidien.<\/p>\n","protected":false},"featured_media":865,"comment_status":"open","ping_status":"closed","template":"","meta":[],"product_brand":[],"product_cat":[283],"product_tag":[],"class_list":{"0":"post-868","1":"product","2":"type-product","3":"status-publish","4":"has-post-thumbnail","6":"product_cat-bagues","7":"pa_charm-pieces-de-montre-uniquement","8":"pa_color-bleu","9":"pa_size-16mm","11":"first","12":"instock","13":"taxable","14":"shipping-taxable","15":"purchasable","16":"product-type-simple"},"_links":{"self":[{"href":"https:\/\/artaora.com\/fr\/wp-json\/wp\/v2\/product\/868","targetHints":{"allow":["GET"]}}],"collection":[{"href":"https:\/\/artaora.com\/fr\/wp-json\/wp\/v2\/product"}],"about":[{"href":"https:\/\/artaora.com\/fr\/wp-json\/wp\/v2\/types\/product"}],"replies":[{"embeddable":true,"href":"https:\/\/artaora.com\/fr\/wp-json\/wp\/v2\/comments?post=868"}],"wp:featuredmedia":[{"embeddable":true,"href":"https:\/\/artaora.com\/fr\/wp-json\/wp\/v2\/media\/865"}],"wp:attachment":[{"href":"https:\/\/artaora.com\/fr\/wp-json\/wp\/v2\/media?parent=868"}],"wp:term":[{"taxonomy":"product_brand","embeddable":true,"href":"https:\/\/artaora.com\/fr\/wp-json\/wp\/v2\/product_brand?post=868"},{"taxonomy":"product_cat","embeddable":true,"href":"https:\/\/artaora.com\/fr\/wp-json\/wp\/v2\/product_cat?post=868"},{"taxonomy":"product_tag","embeddable":true,"href":"https:\/\/artaora.com\/fr\/wp-json\/wp\/v2\/product_tag?post=868"}],"curies":[{"name":"wp","href":"https:\/\/api.w.org\/{rel}","templated":true}]}}