{"id":87,"date":"2026-03-01T12:06:28","date_gmt":"2026-03-01T12:06:28","guid":{"rendered":"https:\/\/artaora.com\/product\/pendentif-guitare-electrique-steampunk-rouge-avec-engrenages\/"},"modified":"2026-03-01T13:51:46","modified_gmt":"2026-03-01T13:51:46","slug":"pendentif-guitare-electrique-steampunk-rouge-avec-engrenages","status":"publish","type":"product","link":"https:\/\/artaora.com\/fr\/produit\/pendentif-guitare-electrique-steampunk-rouge-avec-engrenages\/","title":{"rendered":"Pendentif Guitare \u00c9lectrique Steampunk Rouge avec Engrenages"},"content":{"rendered":"<p>Le rouge intense d\u00e9finit la base peinte de ce pendentif steampunk, cr\u00e9ant un fond marqu\u00e9 pour le charm guitare \u00e9lectrique. Les engrenages de montre superpos\u00e9s ajoutent une texture m\u00e9canique sous la r\u00e9sine, formant un accessoire inspir\u00e9 de la musique. Un cadeau expressif pour musiciens recherchant un bijou au style industriel.<\/p>\n","protected":false},"excerpt":{"rendered":"<p>Le rouge intense d\u00e9finit la base peinte de ce pendentif steampunk, cr\u00e9ant un fond marqu\u00e9 pour le charm guitare \u00e9lectrique. Les engrenages de montre superpos\u00e9s ajoutent une texture m\u00e9canique sous la r\u00e9sine, formant un accessoire inspir\u00e9 de la musique. Un cadeau expressif pour musiciens recherchant un bijou au style industriel.<\/p>\n","protected":false},"featured_media":84,"comment_status":"open","ping_status":"closed","template":"","meta":[],"product_brand":[],"product_cat":[32,160],"product_tag":[],"class_list":{"0":"post-87","1":"product","2":"type-product","3":"status-publish","4":"has-post-thumbnail","6":"product_cat-pendentif","7":"product_cat-pendentifs","8":"pa_charm-guitare-electrique","9":"pa_charm-musique","10":"pa_color-rouge","11":"pa_size-33mm","13":"first","14":"instock","15":"taxable","16":"shipping-taxable","17":"purchasable","18":"product-type-simple"},"_links":{"self":[{"href":"https:\/\/artaora.com\/fr\/wp-json\/wp\/v2\/product\/87","targetHints":{"allow":["GET"]}}],"collection":[{"href":"https:\/\/artaora.com\/fr\/wp-json\/wp\/v2\/product"}],"about":[{"href":"https:\/\/artaora.com\/fr\/wp-json\/wp\/v2\/types\/product"}],"replies":[{"embeddable":true,"href":"https:\/\/artaora.com\/fr\/wp-json\/wp\/v2\/comments?post=87"}],"wp:featuredmedia":[{"embeddable":true,"href":"https:\/\/artaora.com\/fr\/wp-json\/wp\/v2\/media\/84"}],"wp:attachment":[{"href":"https:\/\/artaora.com\/fr\/wp-json\/wp\/v2\/media?parent=87"}],"wp:term":[{"taxonomy":"product_brand","embeddable":true,"href":"https:\/\/artaora.com\/fr\/wp-json\/wp\/v2\/product_brand?post=87"},{"taxonomy":"product_cat","embeddable":true,"href":"https:\/\/artaora.com\/fr\/wp-json\/wp\/v2\/product_cat?post=87"},{"taxonomy":"product_tag","embeddable":true,"href":"https:\/\/artaora.com\/fr\/wp-json\/wp\/v2\/product_tag?post=87"}],"curies":[{"name":"wp","href":"https:\/\/api.w.org\/{rel}","templated":true}]}}