{"id":872,"date":"2026-03-01T12:22:13","date_gmt":"2026-03-01T12:22:13","guid":{"rendered":"https:\/\/artaora.com\/product\/bague-ajustable-jaune-a-disque-dengrenages-industriels\/"},"modified":"2026-03-01T13:53:32","modified_gmt":"2026-03-01T13:53:32","slug":"bague-ajustable-jaune-a-disque-dengrenages-industriels","status":"publish","type":"product","link":"https:\/\/artaora.com\/fr\/produit\/bague-ajustable-jaune-a-disque-dengrenages-industriels\/","title":{"rendered":"Bague ajustable jaune \u00e0 disque d\u2019engrenages industriels"},"content":{"rendered":"<p>Une surface jaune vive cr\u00e9e un contraste fort sous les \u00e9l\u00e9ments m\u00e9caniques apparents. Scell\u00e9e sous r\u00e9sine sur acier inoxydable, cette bague artisanale poss\u00e8de un diam\u00e8tre ajustable et affirme un style bijou industriel distinct.<\/p>\n","protected":false},"excerpt":{"rendered":"<p>Une surface jaune vive cr\u00e9e un contraste fort sous les \u00e9l\u00e9ments m\u00e9caniques apparents. Scell\u00e9e sous r\u00e9sine sur acier inoxydable, cette bague artisanale poss\u00e8de un diam\u00e8tre ajustable et affirme un style bijou industriel distinct.<\/p>\n","protected":false},"featured_media":869,"comment_status":"open","ping_status":"closed","template":"","meta":[],"product_brand":[],"product_cat":[283],"product_tag":[],"class_list":{"0":"post-872","1":"product","2":"type-product","3":"status-publish","4":"has-post-thumbnail","6":"product_cat-bagues","7":"pa_charm-pieces-de-montre-uniquement","8":"pa_color-jaune","9":"pa_size-16mm","11":"first","12":"instock","13":"taxable","14":"shipping-taxable","15":"purchasable","16":"product-type-simple"},"_links":{"self":[{"href":"https:\/\/artaora.com\/fr\/wp-json\/wp\/v2\/product\/872","targetHints":{"allow":["GET"]}}],"collection":[{"href":"https:\/\/artaora.com\/fr\/wp-json\/wp\/v2\/product"}],"about":[{"href":"https:\/\/artaora.com\/fr\/wp-json\/wp\/v2\/types\/product"}],"replies":[{"embeddable":true,"href":"https:\/\/artaora.com\/fr\/wp-json\/wp\/v2\/comments?post=872"}],"wp:featuredmedia":[{"embeddable":true,"href":"https:\/\/artaora.com\/fr\/wp-json\/wp\/v2\/media\/869"}],"wp:attachment":[{"href":"https:\/\/artaora.com\/fr\/wp-json\/wp\/v2\/media?parent=872"}],"wp:term":[{"taxonomy":"product_brand","embeddable":true,"href":"https:\/\/artaora.com\/fr\/wp-json\/wp\/v2\/product_brand?post=872"},{"taxonomy":"product_cat","embeddable":true,"href":"https:\/\/artaora.com\/fr\/wp-json\/wp\/v2\/product_cat?post=872"},{"taxonomy":"product_tag","embeddable":true,"href":"https:\/\/artaora.com\/fr\/wp-json\/wp\/v2\/product_tag?post=872"}],"curies":[{"name":"wp","href":"https:\/\/api.w.org\/{rel}","templated":true}]}}