{"id":876,"date":"2026-03-01T12:22:15","date_gmt":"2026-03-01T12:22:15","guid":{"rendered":"https:\/\/artaora.com\/product\/bague-ajustable-orange-au-mecanisme-apparent\/"},"modified":"2026-03-01T13:53:32","modified_gmt":"2026-03-01T13:53:32","slug":"bague-ajustable-orange-au-mecanisme-apparent","status":"publish","type":"product","link":"https:\/\/artaora.com\/fr\/produit\/bague-ajustable-orange-au-mecanisme-apparent\/","title":{"rendered":"Bague ajustable orange au m\u00e9canisme apparent"},"content":{"rendered":"<p>L\u2019orange intense met en valeur les pi\u00e8ces de montre superpos\u00e9es sous une surface en r\u00e9sine lisse. Con\u00e7ue comme bague industrielle artisanale, son diam\u00e8tre ajustable permet un ajustement facile tout en conservant une forte pr\u00e9sence visuelle.<\/p>\n","protected":false},"excerpt":{"rendered":"<p>L\u2019orange intense met en valeur les pi\u00e8ces de montre superpos\u00e9es sous une surface en r\u00e9sine lisse. Con\u00e7ue comme bague industrielle artisanale, son diam\u00e8tre ajustable permet un ajustement facile tout en conservant une forte pr\u00e9sence visuelle.<\/p>\n","protected":false},"featured_media":873,"comment_status":"open","ping_status":"closed","template":"","meta":[],"product_brand":[],"product_cat":[283],"product_tag":[],"class_list":{"0":"post-876","1":"product","2":"type-product","3":"status-publish","4":"has-post-thumbnail","6":"product_cat-bagues","7":"pa_charm-pieces-de-montre-uniquement","8":"pa_color-orange","9":"pa_size-16mm","11":"first","12":"instock","13":"taxable","14":"shipping-taxable","15":"purchasable","16":"product-type-simple"},"_links":{"self":[{"href":"https:\/\/artaora.com\/fr\/wp-json\/wp\/v2\/product\/876","targetHints":{"allow":["GET"]}}],"collection":[{"href":"https:\/\/artaora.com\/fr\/wp-json\/wp\/v2\/product"}],"about":[{"href":"https:\/\/artaora.com\/fr\/wp-json\/wp\/v2\/types\/product"}],"replies":[{"embeddable":true,"href":"https:\/\/artaora.com\/fr\/wp-json\/wp\/v2\/comments?post=876"}],"wp:featuredmedia":[{"embeddable":true,"href":"https:\/\/artaora.com\/fr\/wp-json\/wp\/v2\/media\/873"}],"wp:attachment":[{"href":"https:\/\/artaora.com\/fr\/wp-json\/wp\/v2\/media?parent=876"}],"wp:term":[{"taxonomy":"product_brand","embeddable":true,"href":"https:\/\/artaora.com\/fr\/wp-json\/wp\/v2\/product_brand?post=876"},{"taxonomy":"product_cat","embeddable":true,"href":"https:\/\/artaora.com\/fr\/wp-json\/wp\/v2\/product_cat?post=876"},{"taxonomy":"product_tag","embeddable":true,"href":"https:\/\/artaora.com\/fr\/wp-json\/wp\/v2\/product_tag?post=876"}],"curies":[{"name":"wp","href":"https:\/\/api.w.org\/{rel}","templated":true}]}}