{"id":880,"date":"2026-03-01T12:22:17","date_gmt":"2026-03-01T12:22:17","guid":{"rendered":"https:\/\/artaora.com\/product\/bague-steampunk-ajustable-noire-arbre-de-vie\/"},"modified":"2026-03-01T13:53:33","modified_gmt":"2026-03-01T13:53:33","slug":"bague-steampunk-ajustable-noire-arbre-de-vie","status":"publish","type":"product","link":"https:\/\/artaora.com\/fr\/produit\/bague-steampunk-ajustable-noire-arbre-de-vie\/","title":{"rendered":"Bague steampunk ajustable noire Arbre de Vie"},"content":{"rendered":"<p>Une silhouette d\u2019Arbre de Vie se d\u00e9tache sur une base noire peinte, associ\u00e9e \u00e0 des \u00e9l\u00e9ments m\u00e9caniques sous r\u00e9sine. Mont\u00e9e sur acier inoxydable, cette bague ajustable unit symbole naturel et pi\u00e8ces de montre recycl\u00e9es dans un format de 16mm.<\/p>\n","protected":false},"excerpt":{"rendered":"<p>Une silhouette d\u2019Arbre de Vie se d\u00e9tache sur une base noire peinte, associ\u00e9e \u00e0 des \u00e9l\u00e9ments m\u00e9caniques sous r\u00e9sine. Mont\u00e9e sur acier inoxydable, cette bague ajustable unit symbole naturel et pi\u00e8ces de montre recycl\u00e9es dans un format de 16mm.<\/p>\n","protected":false},"featured_media":877,"comment_status":"open","ping_status":"closed","template":"","meta":[],"product_brand":[],"product_cat":[283],"product_tag":[],"class_list":{"0":"post-880","1":"product","2":"type-product","3":"status-publish","4":"has-post-thumbnail","6":"product_cat-bagues","7":"pa_charm-arbre-de-vie","8":"pa_charm-nature","9":"pa_color-noir","10":"pa_size-16mm","12":"first","13":"instock","14":"taxable","15":"shipping-taxable","16":"purchasable","17":"product-type-simple"},"_links":{"self":[{"href":"https:\/\/artaora.com\/fr\/wp-json\/wp\/v2\/product\/880","targetHints":{"allow":["GET"]}}],"collection":[{"href":"https:\/\/artaora.com\/fr\/wp-json\/wp\/v2\/product"}],"about":[{"href":"https:\/\/artaora.com\/fr\/wp-json\/wp\/v2\/types\/product"}],"replies":[{"embeddable":true,"href":"https:\/\/artaora.com\/fr\/wp-json\/wp\/v2\/comments?post=880"}],"wp:featuredmedia":[{"embeddable":true,"href":"https:\/\/artaora.com\/fr\/wp-json\/wp\/v2\/media\/877"}],"wp:attachment":[{"href":"https:\/\/artaora.com\/fr\/wp-json\/wp\/v2\/media?parent=880"}],"wp:term":[{"taxonomy":"product_brand","embeddable":true,"href":"https:\/\/artaora.com\/fr\/wp-json\/wp\/v2\/product_brand?post=880"},{"taxonomy":"product_cat","embeddable":true,"href":"https:\/\/artaora.com\/fr\/wp-json\/wp\/v2\/product_cat?post=880"},{"taxonomy":"product_tag","embeddable":true,"href":"https:\/\/artaora.com\/fr\/wp-json\/wp\/v2\/product_tag?post=880"}],"curies":[{"name":"wp","href":"https:\/\/api.w.org\/{rel}","templated":true}]}}