{"id":884,"date":"2026-03-01T12:22:19","date_gmt":"2026-03-01T12:22:19","guid":{"rendered":"https:\/\/artaora.com\/product\/bague-steampunk-ajustable-rouge-arbre-de-vie\/"},"modified":"2026-03-01T13:53:33","modified_gmt":"2026-03-01T13:53:33","slug":"bague-steampunk-ajustable-rouge-arbre-de-vie","status":"publish","type":"product","link":"https:\/\/artaora.com\/fr\/produit\/bague-steampunk-ajustable-rouge-arbre-de-vie\/","title":{"rendered":"Bague steampunk ajustable rouge Arbre de Vie"},"content":{"rendered":"<p>Le motif de l\u2019Arbre de Vie structure la composition sur une base rouge peinte associ\u00e9e \u00e0 des pi\u00e8ces de montre recycl\u00e9es. Scell\u00e9e sous r\u00e9sine sur acier inoxydable, cette bague symbolique poss\u00e8de un diam\u00e8tre ajustable pour un ajustement flexible.<\/p>\n","protected":false},"excerpt":{"rendered":"<p>Le motif de l\u2019Arbre de Vie structure la composition sur une base rouge peinte associ\u00e9e \u00e0 des pi\u00e8ces de montre recycl\u00e9es. Scell\u00e9e sous r\u00e9sine sur acier inoxydable, cette bague symbolique poss\u00e8de un diam\u00e8tre ajustable pour un ajustement flexible.<\/p>\n","protected":false},"featured_media":881,"comment_status":"open","ping_status":"closed","template":"","meta":[],"product_brand":[],"product_cat":[283],"product_tag":[],"class_list":{"0":"post-884","1":"product","2":"type-product","3":"status-publish","4":"has-post-thumbnail","6":"product_cat-bagues","7":"pa_charm-arbre-de-vie","8":"pa_charm-nature","9":"pa_color-rouge","10":"pa_size-16mm","12":"first","13":"instock","14":"taxable","15":"shipping-taxable","16":"purchasable","17":"product-type-simple"},"_links":{"self":[{"href":"https:\/\/artaora.com\/fr\/wp-json\/wp\/v2\/product\/884","targetHints":{"allow":["GET"]}}],"collection":[{"href":"https:\/\/artaora.com\/fr\/wp-json\/wp\/v2\/product"}],"about":[{"href":"https:\/\/artaora.com\/fr\/wp-json\/wp\/v2\/types\/product"}],"replies":[{"embeddable":true,"href":"https:\/\/artaora.com\/fr\/wp-json\/wp\/v2\/comments?post=884"}],"wp:featuredmedia":[{"embeddable":true,"href":"https:\/\/artaora.com\/fr\/wp-json\/wp\/v2\/media\/881"}],"wp:attachment":[{"href":"https:\/\/artaora.com\/fr\/wp-json\/wp\/v2\/media?parent=884"}],"wp:term":[{"taxonomy":"product_brand","embeddable":true,"href":"https:\/\/artaora.com\/fr\/wp-json\/wp\/v2\/product_brand?post=884"},{"taxonomy":"product_cat","embeddable":true,"href":"https:\/\/artaora.com\/fr\/wp-json\/wp\/v2\/product_cat?post=884"},{"taxonomy":"product_tag","embeddable":true,"href":"https:\/\/artaora.com\/fr\/wp-json\/wp\/v2\/product_tag?post=884"}],"curies":[{"name":"wp","href":"https:\/\/api.w.org\/{rel}","templated":true}]}}