{"id":888,"date":"2026-03-01T12:22:21","date_gmt":"2026-03-01T12:22:21","guid":{"rendered":"https:\/\/artaora.com\/product\/bague-industrielle-ajustable-turquoise-arbre-de-vie\/"},"modified":"2026-03-01T13:53:34","modified_gmt":"2026-03-01T13:53:34","slug":"bague-industrielle-ajustable-turquoise-arbre-de-vie","status":"publish","type":"product","link":"https:\/\/artaora.com\/fr\/produit\/bague-industrielle-ajustable-turquoise-arbre-de-vie\/","title":{"rendered":"Bague industrielle ajustable turquoise Arbre de Vie"},"content":{"rendered":"<p>Les nuances turquoise apparaissent \u00e0 travers la silhouette de l\u2019Arbre de Vie, m\u00eal\u00e9e \u00e0 des \u00e9l\u00e9ments horlogers apparents. Con\u00e7ue en format compact de 16mm, la base en acier inoxydable poss\u00e8de un diam\u00e8tre ajustable pour un port adaptable au style steampunk affirm\u00e9.<\/p>\n","protected":false},"excerpt":{"rendered":"<p>Les nuances turquoise apparaissent \u00e0 travers la silhouette de l\u2019Arbre de Vie, m\u00eal\u00e9e \u00e0 des \u00e9l\u00e9ments horlogers apparents. Con\u00e7ue en format compact de 16mm, la base en acier inoxydable poss\u00e8de un diam\u00e8tre ajustable pour un port adaptable au style steampunk affirm\u00e9.<\/p>\n","protected":false},"featured_media":885,"comment_status":"open","ping_status":"closed","template":"","meta":[],"product_brand":[],"product_cat":[283],"product_tag":[],"class_list":{"0":"post-888","1":"product","2":"type-product","3":"status-publish","4":"has-post-thumbnail","6":"product_cat-bagues","7":"pa_charm-arbre-de-vie","8":"pa_charm-nature","9":"pa_color-turquoise","10":"pa_size-16mm","12":"first","13":"instock","14":"taxable","15":"shipping-taxable","16":"purchasable","17":"product-type-simple"},"_links":{"self":[{"href":"https:\/\/artaora.com\/fr\/wp-json\/wp\/v2\/product\/888","targetHints":{"allow":["GET"]}}],"collection":[{"href":"https:\/\/artaora.com\/fr\/wp-json\/wp\/v2\/product"}],"about":[{"href":"https:\/\/artaora.com\/fr\/wp-json\/wp\/v2\/types\/product"}],"replies":[{"embeddable":true,"href":"https:\/\/artaora.com\/fr\/wp-json\/wp\/v2\/comments?post=888"}],"wp:featuredmedia":[{"embeddable":true,"href":"https:\/\/artaora.com\/fr\/wp-json\/wp\/v2\/media\/885"}],"wp:attachment":[{"href":"https:\/\/artaora.com\/fr\/wp-json\/wp\/v2\/media?parent=888"}],"wp:term":[{"taxonomy":"product_brand","embeddable":true,"href":"https:\/\/artaora.com\/fr\/wp-json\/wp\/v2\/product_brand?post=888"},{"taxonomy":"product_cat","embeddable":true,"href":"https:\/\/artaora.com\/fr\/wp-json\/wp\/v2\/product_cat?post=888"},{"taxonomy":"product_tag","embeddable":true,"href":"https:\/\/artaora.com\/fr\/wp-json\/wp\/v2\/product_tag?post=888"}],"curies":[{"name":"wp","href":"https:\/\/api.w.org\/{rel}","templated":true}]}}