{"id":892,"date":"2026-03-01T12:22:25","date_gmt":"2026-03-01T12:22:25","guid":{"rendered":"https:\/\/artaora.com\/product\/bague-mecanique-ajustable-verte-arbre-de-vie\/"},"modified":"2026-03-01T13:53:34","modified_gmt":"2026-03-01T13:53:34","slug":"bague-mecanique-ajustable-verte-arbre-de-vie","status":"publish","type":"product","link":"https:\/\/artaora.com\/fr\/produit\/bague-mecanique-ajustable-verte-arbre-de-vie\/","title":{"rendered":"Bague m\u00e9canique ajustable verte Arbre de Vie"},"content":{"rendered":"<p>Une base peinte verte soutient le motif de l\u2019Arbre de Vie, associ\u00e9 \u00e0 des engrenages recycl\u00e9s cr\u00e9ant du relief sous r\u00e9sine. Cette bague steampunk ajustable combine symbolique naturelle et texture m\u00e9canique, avec une base en acier inoxydable \u00e0 diam\u00e8tre adaptable.<\/p>\n","protected":false},"excerpt":{"rendered":"<p>Une base peinte verte soutient le motif de l\u2019Arbre de Vie, associ\u00e9 \u00e0 des engrenages recycl\u00e9s cr\u00e9ant du relief sous r\u00e9sine. Cette bague steampunk ajustable combine symbolique naturelle et texture m\u00e9canique, avec une base en acier inoxydable \u00e0 diam\u00e8tre adaptable.<\/p>\n","protected":false},"featured_media":889,"comment_status":"open","ping_status":"closed","template":"","meta":[],"product_brand":[],"product_cat":[283],"product_tag":[],"class_list":{"0":"post-892","1":"product","2":"type-product","3":"status-publish","4":"has-post-thumbnail","6":"product_cat-bagues","7":"pa_charm-arbre-de-vie","8":"pa_charm-nature","9":"pa_color-vert","10":"pa_size-16mm","12":"first","13":"instock","14":"taxable","15":"shipping-taxable","16":"purchasable","17":"product-type-simple"},"_links":{"self":[{"href":"https:\/\/artaora.com\/fr\/wp-json\/wp\/v2\/product\/892","targetHints":{"allow":["GET"]}}],"collection":[{"href":"https:\/\/artaora.com\/fr\/wp-json\/wp\/v2\/product"}],"about":[{"href":"https:\/\/artaora.com\/fr\/wp-json\/wp\/v2\/types\/product"}],"replies":[{"embeddable":true,"href":"https:\/\/artaora.com\/fr\/wp-json\/wp\/v2\/comments?post=892"}],"wp:featuredmedia":[{"embeddable":true,"href":"https:\/\/artaora.com\/fr\/wp-json\/wp\/v2\/media\/889"}],"wp:attachment":[{"href":"https:\/\/artaora.com\/fr\/wp-json\/wp\/v2\/media?parent=892"}],"wp:term":[{"taxonomy":"product_brand","embeddable":true,"href":"https:\/\/artaora.com\/fr\/wp-json\/wp\/v2\/product_brand?post=892"},{"taxonomy":"product_cat","embeddable":true,"href":"https:\/\/artaora.com\/fr\/wp-json\/wp\/v2\/product_cat?post=892"},{"taxonomy":"product_tag","embeddable":true,"href":"https:\/\/artaora.com\/fr\/wp-json\/wp\/v2\/product_tag?post=892"}],"curies":[{"name":"wp","href":"https:\/\/api.w.org\/{rel}","templated":true}]}}