{"id":896,"date":"2026-03-01T12:22:27","date_gmt":"2026-03-01T12:22:27","guid":{"rendered":"https:\/\/artaora.com\/product\/bague-ajustable-bleue-a-composition-mecanique-superposee\/"},"modified":"2026-03-01T13:53:35","modified_gmt":"2026-03-01T13:53:35","slug":"bague-ajustable-bleue-a-composition-mecanique-superposee","status":"publish","type":"product","link":"https:\/\/artaora.com\/fr\/produit\/bague-ajustable-bleue-a-composition-mecanique-superposee\/","title":{"rendered":"Bague ajustable bleue \u00e0 composition m\u00e9canique superpos\u00e9e"},"content":{"rendered":"<p>Des nuances bleues froides servent de fond \u00e0 des composants horlogers superpos\u00e9s dans une composition structur\u00e9e. Scell\u00e9e sous r\u00e9sine, cette bague artisanale met en avant l\u2019\u00e9quilibre m\u00e9canique, tandis que la base en acier inoxydable permet d\u2019ajuster le diam\u00e8tre.<\/p>\n","protected":false},"excerpt":{"rendered":"<p>Des nuances bleues froides servent de fond \u00e0 des composants horlogers superpos\u00e9s dans une composition structur\u00e9e. Scell\u00e9e sous r\u00e9sine, cette bague artisanale met en avant l\u2019\u00e9quilibre m\u00e9canique, tandis que la base en acier inoxydable permet d\u2019ajuster le diam\u00e8tre.<\/p>\n","protected":false},"featured_media":893,"comment_status":"open","ping_status":"closed","template":"","meta":[],"product_brand":[],"product_cat":[283],"product_tag":[],"class_list":{"0":"post-896","1":"product","2":"type-product","3":"status-publish","4":"has-post-thumbnail","6":"product_cat-bagues","7":"pa_charm-pieces-de-montre-uniquement","8":"pa_color-bleu","9":"pa_size-16mm","11":"first","12":"instock","13":"taxable","14":"shipping-taxable","15":"purchasable","16":"product-type-simple"},"_links":{"self":[{"href":"https:\/\/artaora.com\/fr\/wp-json\/wp\/v2\/product\/896","targetHints":{"allow":["GET"]}}],"collection":[{"href":"https:\/\/artaora.com\/fr\/wp-json\/wp\/v2\/product"}],"about":[{"href":"https:\/\/artaora.com\/fr\/wp-json\/wp\/v2\/types\/product"}],"replies":[{"embeddable":true,"href":"https:\/\/artaora.com\/fr\/wp-json\/wp\/v2\/comments?post=896"}],"wp:featuredmedia":[{"embeddable":true,"href":"https:\/\/artaora.com\/fr\/wp-json\/wp\/v2\/media\/893"}],"wp:attachment":[{"href":"https:\/\/artaora.com\/fr\/wp-json\/wp\/v2\/media?parent=896"}],"wp:term":[{"taxonomy":"product_brand","embeddable":true,"href":"https:\/\/artaora.com\/fr\/wp-json\/wp\/v2\/product_brand?post=896"},{"taxonomy":"product_cat","embeddable":true,"href":"https:\/\/artaora.com\/fr\/wp-json\/wp\/v2\/product_cat?post=896"},{"taxonomy":"product_tag","embeddable":true,"href":"https:\/\/artaora.com\/fr\/wp-json\/wp\/v2\/product_tag?post=896"}],"curies":[{"name":"wp","href":"https:\/\/api.w.org\/{rel}","templated":true}]}}