{"id":900,"date":"2026-03-01T12:22:29","date_gmt":"2026-03-01T12:22:29","guid":{"rendered":"https:\/\/artaora.com\/product\/bague-industrielle-ajustable-verte-a-engrenages\/"},"modified":"2026-03-01T13:53:36","modified_gmt":"2026-03-01T13:53:36","slug":"bague-industrielle-ajustable-verte-a-engrenages","status":"publish","type":"product","link":"https:\/\/artaora.com\/fr\/produit\/bague-industrielle-ajustable-verte-a-engrenages\/","title":{"rendered":"Bague industrielle ajustable verte \u00e0 engrenages"},"content":{"rendered":"<p>Une sym\u00e9trie m\u00e9canique structure la composition, avec des engrenages couleur laiton contrastant sur une base verte peinte. La r\u00e9sine stabilise les \u00e9l\u00e9ments superpos\u00e9s et la base en acier inoxydable offre un diam\u00e8tre ajustable pour un port flexible.<\/p>\n","protected":false},"excerpt":{"rendered":"<p>Une sym\u00e9trie m\u00e9canique structure la composition, avec des engrenages couleur laiton contrastant sur une base verte peinte. La r\u00e9sine stabilise les \u00e9l\u00e9ments superpos\u00e9s et la base en acier inoxydable offre un diam\u00e8tre ajustable pour un port flexible.<\/p>\n","protected":false},"featured_media":897,"comment_status":"open","ping_status":"closed","template":"","meta":[],"product_brand":[],"product_cat":[283],"product_tag":[],"class_list":{"0":"post-900","1":"product","2":"type-product","3":"status-publish","4":"has-post-thumbnail","6":"product_cat-bagues","7":"pa_charm-pieces-de-montre-uniquement","8":"pa_color-vert","9":"pa_size-16mm","11":"first","12":"instock","13":"taxable","14":"shipping-taxable","15":"purchasable","16":"product-type-simple"},"_links":{"self":[{"href":"https:\/\/artaora.com\/fr\/wp-json\/wp\/v2\/product\/900","targetHints":{"allow":["GET"]}}],"collection":[{"href":"https:\/\/artaora.com\/fr\/wp-json\/wp\/v2\/product"}],"about":[{"href":"https:\/\/artaora.com\/fr\/wp-json\/wp\/v2\/types\/product"}],"replies":[{"embeddable":true,"href":"https:\/\/artaora.com\/fr\/wp-json\/wp\/v2\/comments?post=900"}],"wp:featuredmedia":[{"embeddable":true,"href":"https:\/\/artaora.com\/fr\/wp-json\/wp\/v2\/media\/897"}],"wp:attachment":[{"href":"https:\/\/artaora.com\/fr\/wp-json\/wp\/v2\/media?parent=900"}],"wp:term":[{"taxonomy":"product_brand","embeddable":true,"href":"https:\/\/artaora.com\/fr\/wp-json\/wp\/v2\/product_brand?post=900"},{"taxonomy":"product_cat","embeddable":true,"href":"https:\/\/artaora.com\/fr\/wp-json\/wp\/v2\/product_cat?post=900"},{"taxonomy":"product_tag","embeddable":true,"href":"https:\/\/artaora.com\/fr\/wp-json\/wp\/v2\/product_tag?post=900"}],"curies":[{"name":"wp","href":"https:\/\/api.w.org\/{rel}","templated":true}]}}