{"id":904,"date":"2026-03-01T12:22:30","date_gmt":"2026-03-01T12:22:30","guid":{"rendered":"https:\/\/artaora.com\/product\/bague-ajustable-violette-a-rouages-superposes\/"},"modified":"2026-03-01T13:53:36","modified_gmt":"2026-03-01T13:53:36","slug":"bague-ajustable-violette-a-rouages-superposes","status":"publish","type":"product","link":"https:\/\/artaora.com\/fr\/produit\/bague-ajustable-violette-a-rouages-superposes\/","title":{"rendered":"Bague ajustable violette \u00e0 rouages superpos\u00e9s"},"content":{"rendered":"<p>Une base violette subtile apporte de la profondeur sous un agencement structur\u00e9 de m\u00e9canismes horlogers recycl\u00e9s. La r\u00e9sine prot\u00e8ge la composition superpos\u00e9e et la base en acier inoxydable offre un diam\u00e8tre ajustable pour une taille adaptable.<\/p>\n","protected":false},"excerpt":{"rendered":"<p>Une base violette subtile apporte de la profondeur sous un agencement structur\u00e9 de m\u00e9canismes horlogers recycl\u00e9s. La r\u00e9sine prot\u00e8ge la composition superpos\u00e9e et la base en acier inoxydable offre un diam\u00e8tre ajustable pour une taille adaptable.<\/p>\n","protected":false},"featured_media":901,"comment_status":"open","ping_status":"closed","template":"","meta":[],"product_brand":[],"product_cat":[283],"product_tag":[],"class_list":{"0":"post-904","1":"product","2":"type-product","3":"status-publish","4":"has-post-thumbnail","6":"product_cat-bagues","7":"pa_charm-pieces-de-montre-uniquement","8":"pa_color-violet","9":"pa_size-16mm","11":"first","12":"instock","13":"taxable","14":"shipping-taxable","15":"purchasable","16":"product-type-simple"},"_links":{"self":[{"href":"https:\/\/artaora.com\/fr\/wp-json\/wp\/v2\/product\/904","targetHints":{"allow":["GET"]}}],"collection":[{"href":"https:\/\/artaora.com\/fr\/wp-json\/wp\/v2\/product"}],"about":[{"href":"https:\/\/artaora.com\/fr\/wp-json\/wp\/v2\/types\/product"}],"replies":[{"embeddable":true,"href":"https:\/\/artaora.com\/fr\/wp-json\/wp\/v2\/comments?post=904"}],"wp:featuredmedia":[{"embeddable":true,"href":"https:\/\/artaora.com\/fr\/wp-json\/wp\/v2\/media\/901"}],"wp:attachment":[{"href":"https:\/\/artaora.com\/fr\/wp-json\/wp\/v2\/media?parent=904"}],"wp:term":[{"taxonomy":"product_brand","embeddable":true,"href":"https:\/\/artaora.com\/fr\/wp-json\/wp\/v2\/product_brand?post=904"},{"taxonomy":"product_cat","embeddable":true,"href":"https:\/\/artaora.com\/fr\/wp-json\/wp\/v2\/product_cat?post=904"},{"taxonomy":"product_tag","embeddable":true,"href":"https:\/\/artaora.com\/fr\/wp-json\/wp\/v2\/product_tag?post=904"}],"curies":[{"name":"wp","href":"https:\/\/api.w.org\/{rel}","templated":true}]}}