{"id":908,"date":"2026-03-01T12:22:32","date_gmt":"2026-03-01T12:22:32","guid":{"rendered":"https:\/\/artaora.com\/product\/bague-ajustable-noire-a-engrenages-contrastes\/"},"modified":"2026-03-01T13:53:37","modified_gmt":"2026-03-01T13:53:37","slug":"bague-ajustable-noire-a-engrenages-contrastes","status":"publish","type":"product","link":"https:\/\/artaora.com\/fr\/produit\/bague-ajustable-noire-a-engrenages-contrastes\/","title":{"rendered":"Bague ajustable noire \u00e0 engrenages contrast\u00e9s"},"content":{"rendered":"<p>Une base noire profonde accentue les tons m\u00e9talliques des engrenages imbriqu\u00e9s dans une composition circulaire compacte. La r\u00e9sine stabilise l\u2019ensemble et la base en acier inoxydable r\u00e9glable permet d\u2019agrandir ou de r\u00e9duire le diam\u00e8tre selon le besoin.<\/p>\n","protected":false},"excerpt":{"rendered":"<p>Une base noire profonde accentue les tons m\u00e9talliques des engrenages imbriqu\u00e9s dans une composition circulaire compacte. La r\u00e9sine stabilise l\u2019ensemble et la base en acier inoxydable r\u00e9glable permet d\u2019agrandir ou de r\u00e9duire le diam\u00e8tre selon le besoin.<\/p>\n","protected":false},"featured_media":905,"comment_status":"open","ping_status":"closed","template":"","meta":[],"product_brand":[],"product_cat":[283],"product_tag":[],"class_list":{"0":"post-908","1":"product","2":"type-product","3":"status-publish","4":"has-post-thumbnail","6":"product_cat-bagues","7":"pa_charm-pieces-de-montre-uniquement","8":"pa_color-noir","9":"pa_size-16mm","11":"first","12":"instock","13":"taxable","14":"shipping-taxable","15":"purchasable","16":"product-type-simple"},"_links":{"self":[{"href":"https:\/\/artaora.com\/fr\/wp-json\/wp\/v2\/product\/908","targetHints":{"allow":["GET"]}}],"collection":[{"href":"https:\/\/artaora.com\/fr\/wp-json\/wp\/v2\/product"}],"about":[{"href":"https:\/\/artaora.com\/fr\/wp-json\/wp\/v2\/types\/product"}],"replies":[{"embeddable":true,"href":"https:\/\/artaora.com\/fr\/wp-json\/wp\/v2\/comments?post=908"}],"wp:featuredmedia":[{"embeddable":true,"href":"https:\/\/artaora.com\/fr\/wp-json\/wp\/v2\/media\/905"}],"wp:attachment":[{"href":"https:\/\/artaora.com\/fr\/wp-json\/wp\/v2\/media?parent=908"}],"wp:term":[{"taxonomy":"product_brand","embeddable":true,"href":"https:\/\/artaora.com\/fr\/wp-json\/wp\/v2\/product_brand?post=908"},{"taxonomy":"product_cat","embeddable":true,"href":"https:\/\/artaora.com\/fr\/wp-json\/wp\/v2\/product_cat?post=908"},{"taxonomy":"product_tag","embeddable":true,"href":"https:\/\/artaora.com\/fr\/wp-json\/wp\/v2\/product_tag?post=908"}],"curies":[{"name":"wp","href":"https:\/\/api.w.org\/{rel}","templated":true}]}}