{"id":912,"date":"2026-03-01T12:22:33","date_gmt":"2026-03-01T12:22:33","guid":{"rendered":"https:\/\/artaora.com\/product\/bague-ajustable-verte-a-mecanisme-minimaliste\/"},"modified":"2026-03-01T13:53:37","modified_gmt":"2026-03-01T13:53:37","slug":"bague-ajustable-verte-a-mecanisme-minimaliste","status":"publish","type":"product","link":"https:\/\/artaora.com\/fr\/produit\/bague-ajustable-verte-a-mecanisme-minimaliste\/","title":{"rendered":"Bague ajustable verte \u00e0 m\u00e9canisme minimaliste"},"content":{"rendered":"<p>Une surface verte adoucie sert de fond discret \u00e0 un agencement \u00e9pur\u00e9 de pi\u00e8ces de montre recycl\u00e9es. La composition reste \u00e9quilibr\u00e9e sous r\u00e9sine, et la base en acier inoxydable r\u00e9glable permet d\u2019ajuster le diam\u00e8tre avec confort.<\/p>\n","protected":false},"excerpt":{"rendered":"<p>Une surface verte adoucie sert de fond discret \u00e0 un agencement \u00e9pur\u00e9 de pi\u00e8ces de montre recycl\u00e9es. La composition reste \u00e9quilibr\u00e9e sous r\u00e9sine, et la base en acier inoxydable r\u00e9glable permet d\u2019ajuster le diam\u00e8tre avec confort.<\/p>\n","protected":false},"featured_media":909,"comment_status":"open","ping_status":"closed","template":"","meta":[],"product_brand":[],"product_cat":[283],"product_tag":[],"class_list":{"0":"post-912","1":"product","2":"type-product","3":"status-publish","4":"has-post-thumbnail","6":"product_cat-bagues","7":"pa_charm-pieces-de-montre-uniquement","8":"pa_color-vert","9":"pa_size-16mm","11":"first","12":"instock","13":"taxable","14":"shipping-taxable","15":"purchasable","16":"product-type-simple"},"_links":{"self":[{"href":"https:\/\/artaora.com\/fr\/wp-json\/wp\/v2\/product\/912","targetHints":{"allow":["GET"]}}],"collection":[{"href":"https:\/\/artaora.com\/fr\/wp-json\/wp\/v2\/product"}],"about":[{"href":"https:\/\/artaora.com\/fr\/wp-json\/wp\/v2\/types\/product"}],"replies":[{"embeddable":true,"href":"https:\/\/artaora.com\/fr\/wp-json\/wp\/v2\/comments?post=912"}],"wp:featuredmedia":[{"embeddable":true,"href":"https:\/\/artaora.com\/fr\/wp-json\/wp\/v2\/media\/909"}],"wp:attachment":[{"href":"https:\/\/artaora.com\/fr\/wp-json\/wp\/v2\/media?parent=912"}],"wp:term":[{"taxonomy":"product_brand","embeddable":true,"href":"https:\/\/artaora.com\/fr\/wp-json\/wp\/v2\/product_brand?post=912"},{"taxonomy":"product_cat","embeddable":true,"href":"https:\/\/artaora.com\/fr\/wp-json\/wp\/v2\/product_cat?post=912"},{"taxonomy":"product_tag","embeddable":true,"href":"https:\/\/artaora.com\/fr\/wp-json\/wp\/v2\/product_tag?post=912"}],"curies":[{"name":"wp","href":"https:\/\/api.w.org\/{rel}","templated":true}]}}