{"id":916,"date":"2026-03-01T12:22:39","date_gmt":"2026-03-01T12:22:39","guid":{"rendered":"https:\/\/artaora.com\/product\/bague-ajustable-blanche-a-composition-dengrenages-vintage\/"},"modified":"2026-03-01T13:53:38","modified_gmt":"2026-03-01T13:53:38","slug":"bague-ajustable-blanche-a-composition-dengrenages-vintage","status":"publish","type":"product","link":"https:\/\/artaora.com\/fr\/produit\/bague-ajustable-blanche-a-composition-dengrenages-vintage\/","title":{"rendered":"Bague ajustable blanche \u00e0 composition d\u2019engrenages vintage"},"content":{"rendered":"<p>Une base peinte blanche met en valeur les composants m\u00e9caniques superpos\u00e9s dans une composition vintage asym\u00e9trique. Scell\u00e9e sous r\u00e9sine, cette bague ajustable associe contraste net et pi\u00e8ces de montre recycl\u00e9es, avec une base en acier inoxydable \u00e0 diam\u00e8tre adaptable.<\/p>\n","protected":false},"excerpt":{"rendered":"<p>Une base peinte blanche met en valeur les composants m\u00e9caniques superpos\u00e9s dans une composition vintage asym\u00e9trique. Scell\u00e9e sous r\u00e9sine, cette bague ajustable associe contraste net et pi\u00e8ces de montre recycl\u00e9es, avec une base en acier inoxydable \u00e0 diam\u00e8tre adaptable.<\/p>\n","protected":false},"featured_media":913,"comment_status":"open","ping_status":"closed","template":"","meta":[],"product_brand":[],"product_cat":[283],"product_tag":[],"class_list":{"0":"post-916","1":"product","2":"type-product","3":"status-publish","4":"has-post-thumbnail","6":"product_cat-bagues","7":"pa_charm-pieces-de-montre-uniquement","8":"pa_color-blanc","9":"pa_size-16mm","11":"first","12":"instock","13":"taxable","14":"shipping-taxable","15":"purchasable","16":"product-type-simple"},"_links":{"self":[{"href":"https:\/\/artaora.com\/fr\/wp-json\/wp\/v2\/product\/916","targetHints":{"allow":["GET"]}}],"collection":[{"href":"https:\/\/artaora.com\/fr\/wp-json\/wp\/v2\/product"}],"about":[{"href":"https:\/\/artaora.com\/fr\/wp-json\/wp\/v2\/types\/product"}],"replies":[{"embeddable":true,"href":"https:\/\/artaora.com\/fr\/wp-json\/wp\/v2\/comments?post=916"}],"wp:featuredmedia":[{"embeddable":true,"href":"https:\/\/artaora.com\/fr\/wp-json\/wp\/v2\/media\/913"}],"wp:attachment":[{"href":"https:\/\/artaora.com\/fr\/wp-json\/wp\/v2\/media?parent=916"}],"wp:term":[{"taxonomy":"product_brand","embeddable":true,"href":"https:\/\/artaora.com\/fr\/wp-json\/wp\/v2\/product_brand?post=916"},{"taxonomy":"product_cat","embeddable":true,"href":"https:\/\/artaora.com\/fr\/wp-json\/wp\/v2\/product_cat?post=916"},{"taxonomy":"product_tag","embeddable":true,"href":"https:\/\/artaora.com\/fr\/wp-json\/wp\/v2\/product_tag?post=916"}],"curies":[{"name":"wp","href":"https:\/\/api.w.org\/{rel}","templated":true}]}}