{"id":920,"date":"2026-03-01T12:22:42","date_gmt":"2026-03-01T12:22:42","guid":{"rendered":"https:\/\/artaora.com\/product\/bague-ajustable-vert-intense-a-mecanisme-apparent\/"},"modified":"2026-03-01T13:53:38","modified_gmt":"2026-03-01T13:53:38","slug":"bague-ajustable-vert-intense-a-mecanisme-apparent","status":"publish","type":"product","link":"https:\/\/artaora.com\/fr\/produit\/bague-ajustable-vert-intense-a-mecanisme-apparent\/","title":{"rendered":"Bague ajustable vert intense \u00e0 m\u00e9canisme apparent"},"content":{"rendered":"<p>Un vert satur\u00e9 forme une base vive pour un agencement compact d\u2019engrenages recycl\u00e9s dispos\u00e9s en diagonale. Scell\u00e9e sous r\u00e9sine, cette bague m\u00e9canique artisanale repose sur une base en acier inoxydable r\u00e9glable, permettant d\u2019agrandir ou de resserrer le diam\u00e8tre pour un ajustement pr\u00e9cis.<\/p>\n","protected":false},"excerpt":{"rendered":"<p>Un vert satur\u00e9 forme une base vive pour un agencement compact d\u2019engrenages recycl\u00e9s dispos\u00e9s en diagonale. Scell\u00e9e sous r\u00e9sine, cette bague m\u00e9canique artisanale repose sur une base en acier inoxydable r\u00e9glable, permettant d\u2019agrandir ou de resserrer le diam\u00e8tre pour un ajustement pr\u00e9cis.<\/p>\n","protected":false},"featured_media":917,"comment_status":"open","ping_status":"closed","template":"","meta":[],"product_brand":[],"product_cat":[283],"product_tag":[],"class_list":{"0":"post-920","1":"product","2":"type-product","3":"status-publish","4":"has-post-thumbnail","6":"product_cat-bagues","7":"pa_charm-pieces-de-montre-uniquement","8":"pa_color-vert","9":"pa_size-16mm","11":"first","12":"instock","13":"taxable","14":"shipping-taxable","15":"purchasable","16":"product-type-simple"},"_links":{"self":[{"href":"https:\/\/artaora.com\/fr\/wp-json\/wp\/v2\/product\/920","targetHints":{"allow":["GET"]}}],"collection":[{"href":"https:\/\/artaora.com\/fr\/wp-json\/wp\/v2\/product"}],"about":[{"href":"https:\/\/artaora.com\/fr\/wp-json\/wp\/v2\/types\/product"}],"replies":[{"embeddable":true,"href":"https:\/\/artaora.com\/fr\/wp-json\/wp\/v2\/comments?post=920"}],"wp:featuredmedia":[{"embeddable":true,"href":"https:\/\/artaora.com\/fr\/wp-json\/wp\/v2\/media\/917"}],"wp:attachment":[{"href":"https:\/\/artaora.com\/fr\/wp-json\/wp\/v2\/media?parent=920"}],"wp:term":[{"taxonomy":"product_brand","embeddable":true,"href":"https:\/\/artaora.com\/fr\/wp-json\/wp\/v2\/product_brand?post=920"},{"taxonomy":"product_cat","embeddable":true,"href":"https:\/\/artaora.com\/fr\/wp-json\/wp\/v2\/product_cat?post=920"},{"taxonomy":"product_tag","embeddable":true,"href":"https:\/\/artaora.com\/fr\/wp-json\/wp\/v2\/product_tag?post=920"}],"curies":[{"name":"wp","href":"https:\/\/api.w.org\/{rel}","templated":true}]}}