{"id":924,"date":"2026-03-01T12:22:46","date_gmt":"2026-03-01T12:22:46","guid":{"rendered":"https:\/\/artaora.com\/product\/bague-steampunk-a-engrenages-roses-en-resine\/"},"modified":"2026-03-01T13:53:39","modified_gmt":"2026-03-01T13:53:39","slug":"bague-steampunk-a-engrenages-roses-en-resine","status":"publish","type":"product","link":"https:\/\/artaora.com\/fr\/produit\/bague-steampunk-a-engrenages-roses-en-resine\/","title":{"rendered":"Bague steampunk \u00e0 engrenages roses en r\u00e9sine"},"content":{"rendered":"<p>Construit sur une base en acier inoxydable, this fait main bague pairs pink peinture with embedded pi\u00e8ces de montre under a scellage en r\u00e9sine. Watch parts d\u00e9tails create a clear focal point without hiding the mechanical texture. L\u2019anneau est ajustable en diam\u00e8tre pour s\u2019adapter facilement.<\/p>\n","protected":false},"excerpt":{"rendered":"<p>Construit sur une base en acier inoxydable, this fait main bague pairs pink peinture with embedded pi\u00e8ces de montre under a scellage en r\u00e9sine. Watch parts d\u00e9tails create a clear focal point without hiding the mechanical texture. L\u2019anneau est ajustable en diam\u00e8tre pour s\u2019adapter facilement.<\/p>\n","protected":false},"featured_media":921,"comment_status":"open","ping_status":"closed","template":"","meta":[],"product_brand":[],"product_cat":[283],"product_tag":[],"class_list":{"0":"post-924","1":"product","2":"type-product","3":"status-publish","4":"has-post-thumbnail","6":"product_cat-bagues","7":"pa_charm-pieces-de-montre-uniquement","8":"pa_color-rose","9":"pa_size-16mm","11":"first","12":"instock","13":"taxable","14":"shipping-taxable","15":"purchasable","16":"product-type-simple"},"_links":{"self":[{"href":"https:\/\/artaora.com\/fr\/wp-json\/wp\/v2\/product\/924","targetHints":{"allow":["GET"]}}],"collection":[{"href":"https:\/\/artaora.com\/fr\/wp-json\/wp\/v2\/product"}],"about":[{"href":"https:\/\/artaora.com\/fr\/wp-json\/wp\/v2\/types\/product"}],"replies":[{"embeddable":true,"href":"https:\/\/artaora.com\/fr\/wp-json\/wp\/v2\/comments?post=924"}],"wp:featuredmedia":[{"embeddable":true,"href":"https:\/\/artaora.com\/fr\/wp-json\/wp\/v2\/media\/921"}],"wp:attachment":[{"href":"https:\/\/artaora.com\/fr\/wp-json\/wp\/v2\/media?parent=924"}],"wp:term":[{"taxonomy":"product_brand","embeddable":true,"href":"https:\/\/artaora.com\/fr\/wp-json\/wp\/v2\/product_brand?post=924"},{"taxonomy":"product_cat","embeddable":true,"href":"https:\/\/artaora.com\/fr\/wp-json\/wp\/v2\/product_cat?post=924"},{"taxonomy":"product_tag","embeddable":true,"href":"https:\/\/artaora.com\/fr\/wp-json\/wp\/v2\/product_tag?post=924"}],"curies":[{"name":"wp","href":"https:\/\/api.w.org\/{rel}","templated":true}]}}