{"id":928,"date":"2026-03-01T12:22:48","date_gmt":"2026-03-01T12:22:48","guid":{"rendered":"https:\/\/artaora.com\/product\/bague-industrielle-doree-avec-mecanisme-horloger-en-resine\/"},"modified":"2026-03-01T13:53:39","modified_gmt":"2026-03-01T13:53:39","slug":"bague-industrielle-doree-avec-mecanisme-horloger-en-resine","status":"publish","type":"product","link":"https:\/\/artaora.com\/fr\/produit\/bague-industrielle-doree-avec-mecanisme-horloger-en-resine\/","title":{"rendered":"Bague industrielle dor\u00e9e avec m\u00e9canisme horloger en r\u00e9sine"},"content":{"rendered":"<p>Pens\u00e9 autour d\u2019un pi\u00e8ces de montre motif, this upcycled pi\u00e8ces de montre bague blends recycled pi\u00e8ces de montre with a gold base peinte. Fini sous r\u00e9sine to protect the surface and keep the layers crisp. L\u2019anneau est ajustable en diam\u00e8tre pour s\u2019adapter facilement.<\/p>\n","protected":false},"excerpt":{"rendered":"<p>Pens\u00e9 autour d\u2019un pi\u00e8ces de montre motif, this upcycled pi\u00e8ces de montre bague blends recycled pi\u00e8ces de montre with a gold base peinte. Fini sous r\u00e9sine to protect the surface and keep the layers crisp. L\u2019anneau est ajustable en diam\u00e8tre pour s\u2019adapter facilement.<\/p>\n","protected":false},"featured_media":925,"comment_status":"open","ping_status":"closed","template":"","meta":[],"product_brand":[],"product_cat":[283],"product_tag":[],"class_list":{"0":"post-928","1":"product","2":"type-product","3":"status-publish","4":"has-post-thumbnail","6":"product_cat-bagues","7":"pa_charm-pieces-de-montre-uniquement","8":"pa_color-dore","9":"pa_size-16mm","11":"first","12":"instock","13":"taxable","14":"shipping-taxable","15":"purchasable","16":"product-type-simple"},"_links":{"self":[{"href":"https:\/\/artaora.com\/fr\/wp-json\/wp\/v2\/product\/928","targetHints":{"allow":["GET"]}}],"collection":[{"href":"https:\/\/artaora.com\/fr\/wp-json\/wp\/v2\/product"}],"about":[{"href":"https:\/\/artaora.com\/fr\/wp-json\/wp\/v2\/types\/product"}],"replies":[{"embeddable":true,"href":"https:\/\/artaora.com\/fr\/wp-json\/wp\/v2\/comments?post=928"}],"wp:featuredmedia":[{"embeddable":true,"href":"https:\/\/artaora.com\/fr\/wp-json\/wp\/v2\/media\/925"}],"wp:attachment":[{"href":"https:\/\/artaora.com\/fr\/wp-json\/wp\/v2\/media?parent=928"}],"wp:term":[{"taxonomy":"product_brand","embeddable":true,"href":"https:\/\/artaora.com\/fr\/wp-json\/wp\/v2\/product_brand?post=928"},{"taxonomy":"product_cat","embeddable":true,"href":"https:\/\/artaora.com\/fr\/wp-json\/wp\/v2\/product_cat?post=928"},{"taxonomy":"product_tag","embeddable":true,"href":"https:\/\/artaora.com\/fr\/wp-json\/wp\/v2\/product_tag?post=928"}],"curies":[{"name":"wp","href":"https:\/\/api.w.org\/{rel}","templated":true}]}}