{"id":944,"date":"2026-03-01T12:22:55","date_gmt":"2026-03-01T12:22:55","guid":{"rendered":"https:\/\/artaora.com\/product\/bague-artisanale-noire-a-engrenages-en-resine\/"},"modified":"2026-03-01T13:53:41","modified_gmt":"2026-03-01T13:53:41","slug":"bague-artisanale-noire-a-engrenages-en-resine","status":"publish","type":"product","link":"https:\/\/artaora.com\/fr\/produit\/bague-artisanale-noire-a-engrenages-en-resine\/","title":{"rendered":"Bague artisanale noire \u00e0 engrenages en r\u00e9sine"},"content":{"rendered":"<p>Fait main industrial bague with a black base peinte, recycled pi\u00e8ces de montre, and a fini r\u00e9sine. Watch parts accents gardent le design identifiable. L\u2019anneau est ajustable en diam\u00e8tre pour s\u2019adapter facilement.<\/p>\n","protected":false},"excerpt":{"rendered":"<p>Fait main industrial bague with a black base peinte, recycled pi\u00e8ces de montre, and a fini r\u00e9sine. Watch parts accents gardent le design identifiable. L\u2019anneau est ajustable en diam\u00e8tre pour s\u2019adapter facilement.<\/p>\n","protected":false},"featured_media":941,"comment_status":"open","ping_status":"closed","template":"","meta":[],"product_brand":[],"product_cat":[283],"product_tag":[],"class_list":{"0":"post-944","1":"product","2":"type-product","3":"status-publish","4":"has-post-thumbnail","6":"product_cat-bagues","7":"pa_charm-pieces-de-montre-uniquement","8":"pa_color-noir","9":"pa_size-16mm","11":"first","12":"instock","13":"taxable","14":"shipping-taxable","15":"purchasable","16":"product-type-simple"},"_links":{"self":[{"href":"https:\/\/artaora.com\/fr\/wp-json\/wp\/v2\/product\/944","targetHints":{"allow":["GET"]}}],"collection":[{"href":"https:\/\/artaora.com\/fr\/wp-json\/wp\/v2\/product"}],"about":[{"href":"https:\/\/artaora.com\/fr\/wp-json\/wp\/v2\/types\/product"}],"replies":[{"embeddable":true,"href":"https:\/\/artaora.com\/fr\/wp-json\/wp\/v2\/comments?post=944"}],"wp:featuredmedia":[{"embeddable":true,"href":"https:\/\/artaora.com\/fr\/wp-json\/wp\/v2\/media\/941"}],"wp:attachment":[{"href":"https:\/\/artaora.com\/fr\/wp-json\/wp\/v2\/media?parent=944"}],"wp:term":[{"taxonomy":"product_brand","embeddable":true,"href":"https:\/\/artaora.com\/fr\/wp-json\/wp\/v2\/product_brand?post=944"},{"taxonomy":"product_cat","embeddable":true,"href":"https:\/\/artaora.com\/fr\/wp-json\/wp\/v2\/product_cat?post=944"},{"taxonomy":"product_tag","embeddable":true,"href":"https:\/\/artaora.com\/fr\/wp-json\/wp\/v2\/product_tag?post=944"}],"curies":[{"name":"wp","href":"https:\/\/api.w.org\/{rel}","templated":true}]}}