{"id":948,"date":"2026-03-01T12:22:57","date_gmt":"2026-03-01T12:22:57","guid":{"rendered":"https:\/\/artaora.com\/product\/bague-steampunk-noire-en-mosaique-dengrenages\/"},"modified":"2026-03-01T13:53:42","modified_gmt":"2026-03-01T13:53:42","slug":"bague-steampunk-noire-en-mosaique-dengrenages","status":"publish","type":"product","link":"https:\/\/artaora.com\/fr\/produit\/bague-steampunk-noire-en-mosaique-dengrenages\/","title":{"rendered":"Bague steampunk noire en mosa\u00efque d\u2019engrenages"},"content":{"rendered":"<p>Construit sur une base en acier inoxydable, this mixed-media bague pairs black peinture with embedded pi\u00e8ces de montre under a scellage en r\u00e9sine. Watch parts d\u00e9tails create a clear focal point without hiding the mechanical texture. L\u2019anneau est ajustable en diam\u00e8tre pour s\u2019adapter facilement.<\/p>\n","protected":false},"excerpt":{"rendered":"<p>Construit sur une base en acier inoxydable, this mixed-media bague pairs black peinture with embedded pi\u00e8ces de montre under a scellage en r\u00e9sine. Watch parts d\u00e9tails create a clear focal point without hiding the mechanical texture. L\u2019anneau est ajustable en diam\u00e8tre pour s\u2019adapter facilement.<\/p>\n","protected":false},"featured_media":945,"comment_status":"open","ping_status":"closed","template":"","meta":[],"product_brand":[],"product_cat":[283],"product_tag":[],"class_list":{"0":"post-948","1":"product","2":"type-product","3":"status-publish","4":"has-post-thumbnail","6":"product_cat-bagues","7":"pa_charm-pieces-de-montre-uniquement","8":"pa_color-noir","9":"pa_size-16mm","11":"first","12":"instock","13":"taxable","14":"shipping-taxable","15":"purchasable","16":"product-type-simple"},"_links":{"self":[{"href":"https:\/\/artaora.com\/fr\/wp-json\/wp\/v2\/product\/948","targetHints":{"allow":["GET"]}}],"collection":[{"href":"https:\/\/artaora.com\/fr\/wp-json\/wp\/v2\/product"}],"about":[{"href":"https:\/\/artaora.com\/fr\/wp-json\/wp\/v2\/types\/product"}],"replies":[{"embeddable":true,"href":"https:\/\/artaora.com\/fr\/wp-json\/wp\/v2\/comments?post=948"}],"wp:featuredmedia":[{"embeddable":true,"href":"https:\/\/artaora.com\/fr\/wp-json\/wp\/v2\/media\/945"}],"wp:attachment":[{"href":"https:\/\/artaora.com\/fr\/wp-json\/wp\/v2\/media?parent=948"}],"wp:term":[{"taxonomy":"product_brand","embeddable":true,"href":"https:\/\/artaora.com\/fr\/wp-json\/wp\/v2\/product_brand?post=948"},{"taxonomy":"product_cat","embeddable":true,"href":"https:\/\/artaora.com\/fr\/wp-json\/wp\/v2\/product_cat?post=948"},{"taxonomy":"product_tag","embeddable":true,"href":"https:\/\/artaora.com\/fr\/wp-json\/wp\/v2\/product_tag?post=948"}],"curies":[{"name":"wp","href":"https:\/\/api.w.org\/{rel}","templated":true}]}}