{"id":95,"date":"2026-03-01T12:06:31","date_gmt":"2026-03-01T12:06:31","guid":{"rendered":"https:\/\/artaora.com\/product\/pendentif-velo-vintage-noir-au-contraste-steampunk\/"},"modified":"2026-03-01T13:51:47","modified_gmt":"2026-03-01T13:51:47","slug":"pendentif-velo-vintage-noir-au-contraste-steampunk","status":"publish","type":"product","link":"https:\/\/artaora.com\/fr\/produit\/pendentif-velo-vintage-noir-au-contraste-steampunk\/","title":{"rendered":"Pendentif V\u00e9lo Vintage Noir au Contraste Steampunk"},"content":{"rendered":"<p>Sur une base peinte noir profond, le charm v\u00e9lo vintage se d\u00e9tache nettement dans ce pendentif en r\u00e9sine fait main. Des engrenages de montre aux tons laiton cr\u00e9ent une profondeur industrielle sous la surface scell\u00e9e. Une pi\u00e8ce de bijouterie industrielle affirm\u00e9e pour les amateurs d\u2019esth\u00e9tique m\u00e9canique.<\/p>\n","protected":false},"excerpt":{"rendered":"<p>Sur une base peinte noir profond, le charm v\u00e9lo vintage se d\u00e9tache nettement dans ce pendentif en r\u00e9sine fait main. Des engrenages de montre aux tons laiton cr\u00e9ent une profondeur industrielle sous la surface scell\u00e9e. Une pi\u00e8ce de bijouterie industrielle affirm\u00e9e pour les amateurs d\u2019esth\u00e9tique m\u00e9canique.<\/p>\n","protected":false},"featured_media":92,"comment_status":"open","ping_status":"closed","template":"","meta":[],"product_brand":[],"product_cat":[32,160],"product_tag":[],"class_list":{"0":"post-95","1":"product","2":"type-product","3":"status-publish","4":"has-post-thumbnail","6":"product_cat-pendentif","7":"product_cat-pendentifs","8":"pa_charm-bicyclette","9":"pa_charm-transport","10":"pa_color-noir","11":"pa_size-33mm","13":"first","14":"instock","15":"taxable","16":"shipping-taxable","17":"purchasable","18":"product-type-simple"},"_links":{"self":[{"href":"https:\/\/artaora.com\/fr\/wp-json\/wp\/v2\/product\/95","targetHints":{"allow":["GET"]}}],"collection":[{"href":"https:\/\/artaora.com\/fr\/wp-json\/wp\/v2\/product"}],"about":[{"href":"https:\/\/artaora.com\/fr\/wp-json\/wp\/v2\/types\/product"}],"replies":[{"embeddable":true,"href":"https:\/\/artaora.com\/fr\/wp-json\/wp\/v2\/comments?post=95"}],"wp:featuredmedia":[{"embeddable":true,"href":"https:\/\/artaora.com\/fr\/wp-json\/wp\/v2\/media\/92"}],"wp:attachment":[{"href":"https:\/\/artaora.com\/fr\/wp-json\/wp\/v2\/media?parent=95"}],"wp:term":[{"taxonomy":"product_brand","embeddable":true,"href":"https:\/\/artaora.com\/fr\/wp-json\/wp\/v2\/product_brand?post=95"},{"taxonomy":"product_cat","embeddable":true,"href":"https:\/\/artaora.com\/fr\/wp-json\/wp\/v2\/product_cat?post=95"},{"taxonomy":"product_tag","embeddable":true,"href":"https:\/\/artaora.com\/fr\/wp-json\/wp\/v2\/product_tag?post=95"}],"curies":[{"name":"wp","href":"https:\/\/api.w.org\/{rel}","templated":true}]}}