{"id":952,"date":"2026-03-01T12:22:59","date_gmt":"2026-03-01T12:22:59","guid":{"rendered":"https:\/\/artaora.com\/product\/bague-minimaliste-violette-a-engrenages-en-resine\/"},"modified":"2026-03-01T13:53:42","modified_gmt":"2026-03-01T13:53:42","slug":"bague-minimaliste-violette-a-engrenages-en-resine","status":"publish","type":"product","link":"https:\/\/artaora.com\/fr\/produit\/bague-minimaliste-violette-a-engrenages-en-resine\/","title":{"rendered":"Bague minimaliste violette \u00e0 engrenages en r\u00e9sine"},"content":{"rendered":"<p>Pens\u00e9 autour d\u2019un pi\u00e8ces de montre motif, this sustainable bague blends recycled pi\u00e8ces de montre with a purple base peinte. Fini sous r\u00e9sine to protect the surface and keep the layers crisp. L\u2019anneau est ajustable en diam\u00e8tre pour s\u2019adapter facilement.<\/p>\n","protected":false},"excerpt":{"rendered":"<p>Pens\u00e9 autour d\u2019un pi\u00e8ces de montre motif, this sustainable bague blends recycled pi\u00e8ces de montre with a purple base peinte. Fini sous r\u00e9sine to protect the surface and keep the layers crisp. L\u2019anneau est ajustable en diam\u00e8tre pour s\u2019adapter facilement.<\/p>\n","protected":false},"featured_media":949,"comment_status":"open","ping_status":"closed","template":"","meta":[],"product_brand":[],"product_cat":[283],"product_tag":[],"class_list":{"0":"post-952","1":"product","2":"type-product","3":"status-publish","4":"has-post-thumbnail","6":"product_cat-bagues","7":"pa_charm-pieces-de-montre-uniquement","8":"pa_color-violet","9":"pa_size-16mm","11":"first","12":"instock","13":"taxable","14":"shipping-taxable","15":"purchasable","16":"product-type-simple"},"_links":{"self":[{"href":"https:\/\/artaora.com\/fr\/wp-json\/wp\/v2\/product\/952","targetHints":{"allow":["GET"]}}],"collection":[{"href":"https:\/\/artaora.com\/fr\/wp-json\/wp\/v2\/product"}],"about":[{"href":"https:\/\/artaora.com\/fr\/wp-json\/wp\/v2\/types\/product"}],"replies":[{"embeddable":true,"href":"https:\/\/artaora.com\/fr\/wp-json\/wp\/v2\/comments?post=952"}],"wp:featuredmedia":[{"embeddable":true,"href":"https:\/\/artaora.com\/fr\/wp-json\/wp\/v2\/media\/949"}],"wp:attachment":[{"href":"https:\/\/artaora.com\/fr\/wp-json\/wp\/v2\/media?parent=952"}],"wp:term":[{"taxonomy":"product_brand","embeddable":true,"href":"https:\/\/artaora.com\/fr\/wp-json\/wp\/v2\/product_brand?post=952"},{"taxonomy":"product_cat","embeddable":true,"href":"https:\/\/artaora.com\/fr\/wp-json\/wp\/v2\/product_cat?post=952"},{"taxonomy":"product_tag","embeddable":true,"href":"https:\/\/artaora.com\/fr\/wp-json\/wp\/v2\/product_tag?post=952"}],"curies":[{"name":"wp","href":"https:\/\/api.w.org\/{rel}","templated":true}]}}