{"id":956,"date":"2026-03-01T12:23:01","date_gmt":"2026-03-01T12:23:01","guid":{"rendered":"https:\/\/artaora.com\/product\/bague-design-industrielle-orange-a-engrenages-en-resine\/"},"modified":"2026-03-01T13:53:43","modified_gmt":"2026-03-01T13:53:43","slug":"bague-design-industrielle-orange-a-engrenages-en-resine","status":"publish","type":"product","link":"https:\/\/artaora.com\/fr\/produit\/bague-design-industrielle-orange-a-engrenages-en-resine\/","title":{"rendered":"Bague design industrielle orange \u00e0 engrenages en r\u00e9sine"},"content":{"rendered":"<p>Orange leads the look, with pi\u00e8ces de montre adding depth and contrast across this adjustable bague. Scell\u00e9 sous r\u00e9sine and anchored by pi\u00e8ces de montre accents for a defined theme. L\u2019anneau est ajustable en diam\u00e8tre pour s\u2019adapter facilement.<\/p>\n","protected":false},"excerpt":{"rendered":"<p>Orange leads the look, with pi\u00e8ces de montre adding depth and contrast across this adjustable bague. Scell\u00e9 sous r\u00e9sine and anchored by pi\u00e8ces de montre accents for a defined theme. L\u2019anneau est ajustable en diam\u00e8tre pour s\u2019adapter facilement.<\/p>\n","protected":false},"featured_media":953,"comment_status":"open","ping_status":"closed","template":"","meta":[],"product_brand":[],"product_cat":[283],"product_tag":[],"class_list":{"0":"post-956","1":"product","2":"type-product","3":"status-publish","4":"has-post-thumbnail","6":"product_cat-bagues","7":"pa_charm-pieces-de-montre-uniquement","8":"pa_color-orange","9":"pa_size-16mm","11":"first","12":"instock","13":"taxable","14":"shipping-taxable","15":"purchasable","16":"product-type-simple"},"_links":{"self":[{"href":"https:\/\/artaora.com\/fr\/wp-json\/wp\/v2\/product\/956","targetHints":{"allow":["GET"]}}],"collection":[{"href":"https:\/\/artaora.com\/fr\/wp-json\/wp\/v2\/product"}],"about":[{"href":"https:\/\/artaora.com\/fr\/wp-json\/wp\/v2\/types\/product"}],"replies":[{"embeddable":true,"href":"https:\/\/artaora.com\/fr\/wp-json\/wp\/v2\/comments?post=956"}],"wp:featuredmedia":[{"embeddable":true,"href":"https:\/\/artaora.com\/fr\/wp-json\/wp\/v2\/media\/953"}],"wp:attachment":[{"href":"https:\/\/artaora.com\/fr\/wp-json\/wp\/v2\/media?parent=956"}],"wp:term":[{"taxonomy":"product_brand","embeddable":true,"href":"https:\/\/artaora.com\/fr\/wp-json\/wp\/v2\/product_brand?post=956"},{"taxonomy":"product_cat","embeddable":true,"href":"https:\/\/artaora.com\/fr\/wp-json\/wp\/v2\/product_cat?post=956"},{"taxonomy":"product_tag","embeddable":true,"href":"https:\/\/artaora.com\/fr\/wp-json\/wp\/v2\/product_tag?post=956"}],"curies":[{"name":"wp","href":"https:\/\/api.w.org\/{rel}","templated":true}]}}