{"id":960,"date":"2026-03-01T12:23:02","date_gmt":"2026-03-01T12:23:02","guid":{"rendered":"https:\/\/artaora.com\/product\/bague-verte-a-composition-mecanique-en-resine\/"},"modified":"2026-03-01T13:53:43","modified_gmt":"2026-03-01T13:53:43","slug":"bague-verte-a-composition-mecanique-en-resine","status":"publish","type":"product","link":"https:\/\/artaora.com\/fr\/produit\/bague-verte-a-composition-mecanique-en-resine\/","title":{"rendered":"Bague verte \u00e0 composition m\u00e9canique en r\u00e9sine"},"content":{"rendered":"<p>Une bague statement artisan bague for tenues du quotidien, built from recycled pi\u00e8ces de montre over green peinture. Watch parts elements give it an easy-to-style identity. L\u2019anneau est ajustable en diam\u00e8tre pour s\u2019adapter facilement.<\/p>\n","protected":false},"excerpt":{"rendered":"<p>Une bague statement artisan bague for tenues du quotidien, built from recycled pi\u00e8ces de montre over green peinture. Watch parts elements give it an easy-to-style identity. L\u2019anneau est ajustable en diam\u00e8tre pour s\u2019adapter facilement.<\/p>\n","protected":false},"featured_media":957,"comment_status":"open","ping_status":"closed","template":"","meta":[],"product_brand":[],"product_cat":[283],"product_tag":[],"class_list":{"0":"post-960","1":"product","2":"type-product","3":"status-publish","4":"has-post-thumbnail","6":"product_cat-bagues","7":"pa_charm-pieces-de-montre-uniquement","8":"pa_color-vert","9":"pa_size-16mm","11":"first","12":"instock","13":"taxable","14":"shipping-taxable","15":"purchasable","16":"product-type-simple"},"_links":{"self":[{"href":"https:\/\/artaora.com\/fr\/wp-json\/wp\/v2\/product\/960","targetHints":{"allow":["GET"]}}],"collection":[{"href":"https:\/\/artaora.com\/fr\/wp-json\/wp\/v2\/product"}],"about":[{"href":"https:\/\/artaora.com\/fr\/wp-json\/wp\/v2\/types\/product"}],"replies":[{"embeddable":true,"href":"https:\/\/artaora.com\/fr\/wp-json\/wp\/v2\/comments?post=960"}],"wp:featuredmedia":[{"embeddable":true,"href":"https:\/\/artaora.com\/fr\/wp-json\/wp\/v2\/media\/957"}],"wp:attachment":[{"href":"https:\/\/artaora.com\/fr\/wp-json\/wp\/v2\/media?parent=960"}],"wp:term":[{"taxonomy":"product_brand","embeddable":true,"href":"https:\/\/artaora.com\/fr\/wp-json\/wp\/v2\/product_brand?post=960"},{"taxonomy":"product_cat","embeddable":true,"href":"https:\/\/artaora.com\/fr\/wp-json\/wp\/v2\/product_cat?post=960"},{"taxonomy":"product_tag","embeddable":true,"href":"https:\/\/artaora.com\/fr\/wp-json\/wp\/v2\/product_tag?post=960"}],"curies":[{"name":"wp","href":"https:\/\/api.w.org\/{rel}","templated":true}]}}