{"id":964,"date":"2026-03-01T12:23:04","date_gmt":"2026-03-01T12:23:04","guid":{"rendered":"https:\/\/artaora.com\/product\/bague-grise-industrielle-a-engrenages-en-resine\/"},"modified":"2026-03-01T13:53:44","modified_gmt":"2026-03-01T13:53:44","slug":"bague-grise-industrielle-a-engrenages-en-resine","status":"publish","type":"product","link":"https:\/\/artaora.com\/fr\/produit\/bague-grise-industrielle-a-engrenages-en-resine\/","title":{"rendered":"Bague grise industrielle \u00e0 engrenages en r\u00e9sine"},"content":{"rendered":"<p>Like a miniature timepiece collage, this recycled pi\u00e8ces de montre jewelry bague layers gray peinture, pi\u00e8ces de montre, and pi\u00e8ces de montre d\u00e9tails beneath resin. The result reads mechanical and fait main at the same time. L\u2019anneau est ajustable en diam\u00e8tre pour s\u2019adapter facilement.<\/p>\n","protected":false},"excerpt":{"rendered":"<p>Like a miniature timepiece collage, this recycled pi\u00e8ces de montre jewelry bague layers gray peinture, pi\u00e8ces de montre, and pi\u00e8ces de montre d\u00e9tails beneath resin. The result reads mechanical and fait main at the same time. L\u2019anneau est ajustable en diam\u00e8tre pour s\u2019adapter facilement.<\/p>\n","protected":false},"featured_media":961,"comment_status":"open","ping_status":"closed","template":"","meta":[],"product_brand":[],"product_cat":[283],"product_tag":[],"class_list":{"0":"post-964","1":"product","2":"type-product","3":"status-publish","4":"has-post-thumbnail","6":"product_cat-bagues","7":"pa_charm-pieces-de-montre-uniquement","8":"pa_color-gris","9":"pa_size-16mm","11":"first","12":"instock","13":"taxable","14":"shipping-taxable","15":"purchasable","16":"product-type-simple"},"_links":{"self":[{"href":"https:\/\/artaora.com\/fr\/wp-json\/wp\/v2\/product\/964","targetHints":{"allow":["GET"]}}],"collection":[{"href":"https:\/\/artaora.com\/fr\/wp-json\/wp\/v2\/product"}],"about":[{"href":"https:\/\/artaora.com\/fr\/wp-json\/wp\/v2\/types\/product"}],"replies":[{"embeddable":true,"href":"https:\/\/artaora.com\/fr\/wp-json\/wp\/v2\/comments?post=964"}],"wp:featuredmedia":[{"embeddable":true,"href":"https:\/\/artaora.com\/fr\/wp-json\/wp\/v2\/media\/961"}],"wp:attachment":[{"href":"https:\/\/artaora.com\/fr\/wp-json\/wp\/v2\/media?parent=964"}],"wp:term":[{"taxonomy":"product_brand","embeddable":true,"href":"https:\/\/artaora.com\/fr\/wp-json\/wp\/v2\/product_brand?post=964"},{"taxonomy":"product_cat","embeddable":true,"href":"https:\/\/artaora.com\/fr\/wp-json\/wp\/v2\/product_cat?post=964"},{"taxonomy":"product_tag","embeddable":true,"href":"https:\/\/artaora.com\/fr\/wp-json\/wp\/v2\/product_tag?post=964"}],"curies":[{"name":"wp","href":"https:\/\/api.w.org\/{rel}","templated":true}]}}