{"id":972,"date":"2026-03-01T12:23:06","date_gmt":"2026-03-01T12:23:06","guid":{"rendered":"https:\/\/artaora.com\/product\/bague-rouge-steampunk-avec-mecanisme-en-forme-de-coeur\/"},"modified":"2026-03-01T13:53:45","modified_gmt":"2026-03-01T13:53:45","slug":"bague-rouge-steampunk-avec-mecanisme-en-forme-de-coeur","status":"publish","type":"product","link":"https:\/\/artaora.com\/fr\/produit\/bague-rouge-steampunk-avec-mecanisme-en-forme-de-coeur\/","title":{"rendered":"Bague rouge steampunk avec m\u00e9canisme en forme de c\u0153ur"},"content":{"rendered":"<p>Construit sur une base en acier inoxydable, this handcrafted bague pairs red peinture with embedded pi\u00e8ces de montre under a scellage en r\u00e9sine. Heart d\u00e9tails create a clear focal point without hiding the mechanical texture. L\u2019anneau est ajustable en diam\u00e8tre pour s\u2019adapter facilement.<\/p>\n","protected":false},"excerpt":{"rendered":"<p>Construit sur une base en acier inoxydable, this handcrafted bague pairs red peinture with embedded pi\u00e8ces de montre under a scellage en r\u00e9sine. Heart d\u00e9tails create a clear focal point without hiding the mechanical texture. L\u2019anneau est ajustable en diam\u00e8tre pour s\u2019adapter facilement.<\/p>\n","protected":false},"featured_media":969,"comment_status":"open","ping_status":"closed","template":"","meta":[],"product_brand":[],"product_cat":[283],"product_tag":[],"class_list":{"0":"post-972","1":"product","2":"type-product","3":"status-publish","4":"has-post-thumbnail","6":"product_cat-bagues","7":"pa_charm-coeur","8":"pa_charm-fantaisie","9":"pa_color-rouge","10":"pa_size-16mm","12":"first","13":"instock","14":"taxable","15":"shipping-taxable","16":"purchasable","17":"product-type-simple"},"_links":{"self":[{"href":"https:\/\/artaora.com\/fr\/wp-json\/wp\/v2\/product\/972","targetHints":{"allow":["GET"]}}],"collection":[{"href":"https:\/\/artaora.com\/fr\/wp-json\/wp\/v2\/product"}],"about":[{"href":"https:\/\/artaora.com\/fr\/wp-json\/wp\/v2\/types\/product"}],"replies":[{"embeddable":true,"href":"https:\/\/artaora.com\/fr\/wp-json\/wp\/v2\/comments?post=972"}],"wp:featuredmedia":[{"embeddable":true,"href":"https:\/\/artaora.com\/fr\/wp-json\/wp\/v2\/media\/969"}],"wp:attachment":[{"href":"https:\/\/artaora.com\/fr\/wp-json\/wp\/v2\/media?parent=972"}],"wp:term":[{"taxonomy":"product_brand","embeddable":true,"href":"https:\/\/artaora.com\/fr\/wp-json\/wp\/v2\/product_brand?post=972"},{"taxonomy":"product_cat","embeddable":true,"href":"https:\/\/artaora.com\/fr\/wp-json\/wp\/v2\/product_cat?post=972"},{"taxonomy":"product_tag","embeddable":true,"href":"https:\/\/artaora.com\/fr\/wp-json\/wp\/v2\/product_tag?post=972"}],"curies":[{"name":"wp","href":"https:\/\/api.w.org\/{rel}","templated":true}]}}