{"id":988,"date":"2026-03-01T12:23:12","date_gmt":"2026-03-01T12:23:12","guid":{"rendered":"https:\/\/artaora.com\/product\/bague-industrielle-verte-avec-engrenage-sous-resine\/"},"modified":"2026-03-01T13:53:47","modified_gmt":"2026-03-01T13:53:47","slug":"bague-industrielle-verte-avec-engrenage-sous-resine","status":"publish","type":"product","link":"https:\/\/artaora.com\/fr\/produit\/bague-industrielle-verte-avec-engrenage-sous-resine\/","title":{"rendered":"Bague industrielle verte avec engrenage sous r\u00e9sine"},"content":{"rendered":"<p>La teinte verte sert d\u2019\u00e9crin \u00e0 des pi\u00e8ces d\u2019horlogerie r\u00e9cup\u00e9r\u00e9es, prot\u00e9g\u00e9es sous une r\u00e9sine lisse. Structure en acier inoxydable et diam\u00e8tre ajustable pour une taille flexible. Mot-cl\u00e9 principal : bague en r\u00e9sine avec pi\u00e8ces d\u2019horlogerie.<\/p>\n","protected":false},"excerpt":{"rendered":"<p>La teinte verte sert d\u2019\u00e9crin \u00e0 des pi\u00e8ces d\u2019horlogerie r\u00e9cup\u00e9r\u00e9es, prot\u00e9g\u00e9es sous une r\u00e9sine lisse. Structure en acier inoxydable et diam\u00e8tre ajustable pour une taille flexible. Mot-cl\u00e9 principal : bague en r\u00e9sine avec pi\u00e8ces d\u2019horlogerie.<\/p>\n","protected":false},"featured_media":985,"comment_status":"open","ping_status":"closed","template":"","meta":[],"product_brand":[],"product_cat":[283],"product_tag":[],"class_list":{"0":"post-988","1":"product","2":"type-product","3":"status-publish","4":"has-post-thumbnail","6":"product_cat-bagues","7":"pa_charm-pieces-de-montre-uniquement","8":"pa_color-vert","9":"pa_size-10mm","11":"first","12":"instock","13":"taxable","14":"shipping-taxable","15":"purchasable","16":"product-type-simple"},"_links":{"self":[{"href":"https:\/\/artaora.com\/fr\/wp-json\/wp\/v2\/product\/988","targetHints":{"allow":["GET"]}}],"collection":[{"href":"https:\/\/artaora.com\/fr\/wp-json\/wp\/v2\/product"}],"about":[{"href":"https:\/\/artaora.com\/fr\/wp-json\/wp\/v2\/types\/product"}],"replies":[{"embeddable":true,"href":"https:\/\/artaora.com\/fr\/wp-json\/wp\/v2\/comments?post=988"}],"wp:featuredmedia":[{"embeddable":true,"href":"https:\/\/artaora.com\/fr\/wp-json\/wp\/v2\/media\/985"}],"wp:attachment":[{"href":"https:\/\/artaora.com\/fr\/wp-json\/wp\/v2\/media?parent=988"}],"wp:term":[{"taxonomy":"product_brand","embeddable":true,"href":"https:\/\/artaora.com\/fr\/wp-json\/wp\/v2\/product_brand?post=988"},{"taxonomy":"product_cat","embeddable":true,"href":"https:\/\/artaora.com\/fr\/wp-json\/wp\/v2\/product_cat?post=988"},{"taxonomy":"product_tag","embeddable":true,"href":"https:\/\/artaora.com\/fr\/wp-json\/wp\/v2\/product_tag?post=988"}],"curies":[{"name":"wp","href":"https:\/\/api.w.org\/{rel}","templated":true}]}}