{"id":99,"date":"2026-03-01T12:06:33","date_gmt":"2026-03-01T12:06:33","guid":{"rendered":"https:\/\/artaora.com\/product\/pendentif-papillon-steampunk-vert-clair-au-detail-mecanique\/"},"modified":"2026-03-01T13:51:48","modified_gmt":"2026-03-01T13:51:48","slug":"pendentif-papillon-steampunk-vert-clair-au-detail-mecanique","status":"publish","type":"product","link":"https:\/\/artaora.com\/fr\/produit\/pendentif-papillon-steampunk-vert-clair-au-detail-mecanique\/","title":{"rendered":"Pendentif Papillon Steampunk Vert Clair au D\u00e9tail M\u00e9canique"},"content":{"rendered":"<p>D\u00e9licat mais m\u00e9canique, ce pendentif papillon repose sur une base peinte vert clair scell\u00e9e sous r\u00e9sine. Des engrenages de montre soulignent la partie sup\u00e9rieure de l\u2019aile, fusionnant forme organique et pr\u00e9cision industrielle dans un bijou inspir\u00e9 de la nature. Con\u00e7u pour ceux attir\u00e9s par des accessoires steampunk au caract\u00e8re botanique.<\/p>\n","protected":false},"excerpt":{"rendered":"<p>D\u00e9licat mais m\u00e9canique, ce pendentif papillon repose sur une base peinte vert clair scell\u00e9e sous r\u00e9sine. Des engrenages de montre soulignent la partie sup\u00e9rieure de l\u2019aile, fusionnant forme organique et pr\u00e9cision industrielle dans un bijou inspir\u00e9 de la nature. Con\u00e7u pour ceux attir\u00e9s par des accessoires steampunk au caract\u00e8re botanique.<\/p>\n","protected":false},"featured_media":96,"comment_status":"open","ping_status":"closed","template":"","meta":[],"product_brand":[],"product_cat":[32,160],"product_tag":[],"class_list":{"0":"post-99","1":"product","2":"type-product","3":"status-publish","4":"has-post-thumbnail","6":"product_cat-pendentif","7":"product_cat-pendentifs","8":"pa_charm-nature","9":"pa_charm-papillon","10":"pa_color-vert","11":"pa_color-vert-clair","12":"pa_size-33mm","14":"first","15":"instock","16":"taxable","17":"shipping-taxable","18":"purchasable","19":"product-type-simple"},"_links":{"self":[{"href":"https:\/\/artaora.com\/fr\/wp-json\/wp\/v2\/product\/99","targetHints":{"allow":["GET"]}}],"collection":[{"href":"https:\/\/artaora.com\/fr\/wp-json\/wp\/v2\/product"}],"about":[{"href":"https:\/\/artaora.com\/fr\/wp-json\/wp\/v2\/types\/product"}],"replies":[{"embeddable":true,"href":"https:\/\/artaora.com\/fr\/wp-json\/wp\/v2\/comments?post=99"}],"wp:featuredmedia":[{"embeddable":true,"href":"https:\/\/artaora.com\/fr\/wp-json\/wp\/v2\/media\/96"}],"wp:attachment":[{"href":"https:\/\/artaora.com\/fr\/wp-json\/wp\/v2\/media?parent=99"}],"wp:term":[{"taxonomy":"product_brand","embeddable":true,"href":"https:\/\/artaora.com\/fr\/wp-json\/wp\/v2\/product_brand?post=99"},{"taxonomy":"product_cat","embeddable":true,"href":"https:\/\/artaora.com\/fr\/wp-json\/wp\/v2\/product_cat?post=99"},{"taxonomy":"product_tag","embeddable":true,"href":"https:\/\/artaora.com\/fr\/wp-json\/wp\/v2\/product_tag?post=99"}],"curies":[{"name":"wp","href":"https:\/\/api.w.org\/{rel}","templated":true}]}}