{"id":996,"date":"2026-03-01T12:23:15","date_gmt":"2026-03-01T12:23:15","guid":{"rendered":"https:\/\/artaora.com\/product\/bague-minimaliste-doree-avec-engrenage-en-resine\/"},"modified":"2026-03-01T13:53:48","modified_gmt":"2026-03-01T13:53:48","slug":"bague-minimaliste-doree-avec-engrenage-en-resine","status":"publish","type":"product","link":"https:\/\/artaora.com\/fr\/produit\/bague-minimaliste-doree-avec-engrenage-en-resine\/","title":{"rendered":"Bague minimaliste dor\u00e9e avec engrenage en r\u00e9sine"},"content":{"rendered":"<p>Profil minimaliste, base peinte en dor\u00e9 et engrenage unique sous r\u00e9sine pour une touche steampunk sobre. Fabrication en acier inoxydable avec diam\u00e8tre ajustable. Mot-cl\u00e9 principal : bague steampunk minimaliste.<\/p>\n","protected":false},"excerpt":{"rendered":"<p>Profil minimaliste, base peinte en dor\u00e9 et engrenage unique sous r\u00e9sine pour une touche steampunk sobre. Fabrication en acier inoxydable avec diam\u00e8tre ajustable. Mot-cl\u00e9 principal : bague steampunk minimaliste.<\/p>\n","protected":false},"featured_media":993,"comment_status":"open","ping_status":"closed","template":"","meta":[],"product_brand":[],"product_cat":[283],"product_tag":[],"class_list":{"0":"post-996","1":"product","2":"type-product","3":"status-publish","4":"has-post-thumbnail","6":"product_cat-bagues","7":"pa_charm-pieces-de-montre-uniquement","8":"pa_color-dore","9":"pa_size-10mm","11":"first","12":"instock","13":"taxable","14":"shipping-taxable","15":"purchasable","16":"product-type-simple"},"_links":{"self":[{"href":"https:\/\/artaora.com\/fr\/wp-json\/wp\/v2\/product\/996","targetHints":{"allow":["GET"]}}],"collection":[{"href":"https:\/\/artaora.com\/fr\/wp-json\/wp\/v2\/product"}],"about":[{"href":"https:\/\/artaora.com\/fr\/wp-json\/wp\/v2\/types\/product"}],"replies":[{"embeddable":true,"href":"https:\/\/artaora.com\/fr\/wp-json\/wp\/v2\/comments?post=996"}],"wp:featuredmedia":[{"embeddable":true,"href":"https:\/\/artaora.com\/fr\/wp-json\/wp\/v2\/media\/993"}],"wp:attachment":[{"href":"https:\/\/artaora.com\/fr\/wp-json\/wp\/v2\/media?parent=996"}],"wp:term":[{"taxonomy":"product_brand","embeddable":true,"href":"https:\/\/artaora.com\/fr\/wp-json\/wp\/v2\/product_brand?post=996"},{"taxonomy":"product_cat","embeddable":true,"href":"https:\/\/artaora.com\/fr\/wp-json\/wp\/v2\/product_cat?post=996"},{"taxonomy":"product_tag","embeddable":true,"href":"https:\/\/artaora.com\/fr\/wp-json\/wp\/v2\/product_tag?post=996"}],"curies":[{"name":"wp","href":"https:\/\/api.w.org\/{rel}","templated":true}]}}